{"id":56,"date":"2021-03-19T18:30:26","date_gmt":"2021-03-19T17:30:26","guid":{"rendered":"https:\/\/new.cvlh14.fr\/?page_id=56"},"modified":"2022-01-15T12:26:36","modified_gmt":"2022-01-15T11:26:36","slug":"mention-legal","status":"publish","type":"page","link":"https:\/\/cvlh14.fr\/?page_id=56","title":{"rendered":"Mentions L\u00e9gales"},"content":{"rendered":"\n<p>Le site cvlh14.fr est \u00e9dit\u00e9 par le C.V.L.H.<\/p>\n\n\n\n<p><strong>Club de Voile et de Loisirs d&rsquo;Hermanville<\/strong> Association loi 1901 <br>Adresse :&nbsp;37, Boulevard de la 3\u00e8me division d&rsquo;infanterie Britanique, 14880 Hermanville-sur-Mer (F) <br>Mail : cvlh14(at)gmail.com <br>La directrice de la publication de ce site est <strong>Lucette Mann <\/strong><br><strong>Ce site est h\u00e9berg\u00e9 par OVH :<\/strong>  2 rue Kellermann 59100 Roubaix \u2013 France.<\/p>\n\n\n\n<h2 class=\"wp-block-heading\">Reproduction :<\/h2>\n\n\n\n<p>La reproduction de contenu des pages de ce site, est autoris\u00e9e sous r\u00e9serve que&nbsp;:<\/p>\n\n\n\n<ul class=\"wp-block-list\"><li>L&rsquo;int\u00e9grit\u00e9 des \u00e9l\u00e9ments reproduits soit respect\u00e9e<\/li><li>Leur origine soit cit\u00e9e (<a href=\"https:\/\/cvlh14.f\">https:\/\/cvlh14.f<\/a><a href=\"https:\/\/cvlh14.fr\">r<\/a>)<\/li><li>Ils ne soient pas utilis\u00e9s \u00e0 but lucratif ou commercial<\/li><\/ul>\n\n\n\n<h2 class=\"wp-block-heading\">Liens :<\/h2>\n\n\n\n<p>La mise en place de liens sur un site tiers vers le pr\u00e9sent site n\u2019est pas soumise \u00e0 autorisation, \u00e0 condition que nos pages paraissent en page enti\u00e8re sous l\u2019URL <a href=\"https:\/\/cvlh14fr\/\">https:\/\/cvlh14.fr<\/a> Une information de cette mise en place serait appr\u00e9ci\u00e9e au moyen de notre adresse mail<\/p>\n\n\n\n<h2 class=\"wp-block-heading\">Contenu :<\/h2>\n\n\n\n<p>Chaque visiteur est invit\u00e9 \u00e0 nous informer qu&rsquo;un contenu du site porte atteinte \u00e0 ses droits. Si la demande s\u2019av\u00e8re justifi\u00e9e, nous nous engageons \u00e0 modifier ou supprimer ce contenu.<\/p>\n\n\n\n<h2 class=\"wp-block-heading\">Contenu embarqu\u00e9 depuis d\u2019autres sites :<\/h2>\n\n\n\n<p>Les articles de ce site peuvent inclure des contenus int\u00e9gr\u00e9s (par exemple des vid\u00e9os, images, articles\u2026). Le contenu int\u00e9gr\u00e9 depuis d\u2019autres sites se comporte de la m\u00eame mani\u00e8re que si le visiteur se rendait sur cet autre site.<\/p>\n\n\n\n<p>Ces sites web pourraient collecter des donn\u00e9es sur vous, utiliser des cookies, embarquer des outils de suivis tiers, suivre vos interactions avec ces contenus embarqu\u00e9s si vous disposez d\u2019un compte connect\u00e9 sur leur site web.<\/p>\n\n\n\n<h2 class=\"wp-block-heading\">Collecte de donn\u00e9es<\/h2>\n\n\n\n<p>Ces collecte de donn\u00e9es ont lieu d\u00e8s que vous consultez les pages du site www.cvlh14.fr et d\u00e8s que vous prenez contact avec le CVLH via le formulaire de contact.<\/p>\n\n\n\n<p>Lorsque vous nous contactez via le formulaire de contact, nous recueillons les informations suivantes : Nom, Pr\u00e9nom, Email ; Cela pour vous r\u00e9pondre le plus pr\u00e9cis\u00e9ment et rapidement possible.<\/p>\n\n\n\n<p>Des donn\u00e9es qui ne sont pas \u00e0 caract\u00e8re personnel sont \u00e9galement r\u00e9colt\u00e9es automatiquement sans faire de lien avec votre adresse IP, donc en respectant votre anonymat. Elles sont utilis\u00e9es pour \u00e9tablir des statistiques et pour am\u00e9liorer le contenu (choix de la langue, moteur de recherche utilis\u00e9, mots-cl\u00e9s utilis\u00e9s, site par lequel vous \u00eates arriv\u00e9, pages consult\u00e9es, dur\u00e9e de consultation par page, date et heure d\u2019acc\u00e8s, navigateur utilis\u00e9, plate-forme et\/ou syst\u00e8me d\u2019exploitation). La plateforme utilis\u00e9e est Google Analytics.<\/p>\n","protected":false},"excerpt":{"rendered":"<p>Le site cvlh14.fr est \u00e9dit\u00e9 par le C.V.L.H. Club de Voile et de Loisirs d&rsquo;Hermanville Association loi 1901 Adresse :&nbsp;37, Boulevard de la 3\u00e8me division d&rsquo;infanterie Britanique, 14880 Hermanville-sur-Mer (F) Mail : cvlh14(at)gmail.com La directrice de la publication de ce site est Lucette Mann Ce site est h\u00e9berg\u00e9 par OVH [&hellip;]<\/p>\n","protected":false},"author":1,"featured_media":0,"parent":0,"menu_order":0,"comment_status":"closed","ping_status":"closed","template":"","meta":{"_monsterinsights_skip_tracking":false,"_monsterinsights_sitenote_active":false,"_monsterinsights_sitenote_note":"","_monsterinsights_sitenote_category":0,"footnotes":""},"class_list":["post-56","page","type-page","status-publish","hentry"],"yoast_head":"<!-- This site is optimized with the Yoast SEO plugin v27.4 - https:\/\/yoast.com\/product\/yoast-seo-wordpress\/ -->\n<title>Mentions L\u00e9gales - C.V.L.H.<\/title>\n<meta name=\"robots\" content=\"index, follow, max-snippet:-1, max-image-preview:large, max-video-preview:-1\" \/>\n<link rel=\"canonical\" href=\"https:\/\/cvlh14.fr\/?page_id=56\" \/>\n<meta property=\"og:locale\" content=\"fr_FR\" \/>\n<meta property=\"og:type\" content=\"article\" \/>\n<meta property=\"og:title\" content=\"Mentions L\u00e9gales - C.V.L.H.\" \/>\n<meta property=\"og:description\" content=\"Le site cvlh14.fr est \u00e9dit\u00e9 par le C.V.L.H. Club de Voile et de Loisirs d&rsquo;Hermanville Association loi 1901 Adresse :&nbsp;37, Boulevard de la 3\u00e8me division d&rsquo;infanterie Britanique, 14880 Hermanville-sur-Mer (F) Mail : cvlh14(at)gmail.com La directrice de la publication de ce site est Lucette Mann Ce site est h\u00e9berg\u00e9 par OVH [&hellip;]\" \/>\n<meta property=\"og:url\" content=\"https:\/\/cvlh14.fr\/?page_id=56\" \/>\n<meta property=\"og:site_name\" content=\"C.V.L.H.\" \/>\n<meta property=\"article:publisher\" content=\"https:\/\/www.facebook.com\/Club-de-Voile-et-Loisirs-dHermanville-sur-mer-217503885002723\/\" \/>\n<meta property=\"article:modified_time\" content=\"2022-01-15T11:26:36+00:00\" \/>\n<meta name=\"twitter:card\" content=\"summary_large_image\" \/>\n<meta name=\"twitter:label1\" content=\"Dur\u00e9e de lecture estim\u00e9e\" \/>\n\t<meta name=\"twitter:data1\" content=\"2 minutes\" \/>\n<script type=\"application\/ld+json\" class=\"yoast-schema-graph\">{\"@context\":\"https:\\\/\\\/schema.org\",\"@graph\":[{\"@type\":\"WebPage\",\"@id\":\"https:\\\/\\\/cvlh14.fr\\\/?page_id=56\",\"url\":\"https:\\\/\\\/cvlh14.fr\\\/?page_id=56\",\"name\":\"Mentions L\u00e9gales - C.V.L.H.\",\"isPartOf\":{\"@id\":\"https:\\\/\\\/cvlh14.fr\\\/#website\"},\"datePublished\":\"2021-03-19T17:30:26+00:00\",\"dateModified\":\"2022-01-15T11:26:36+00:00\",\"breadcrumb\":{\"@id\":\"https:\\\/\\\/cvlh14.fr\\\/?page_id=56#breadcrumb\"},\"inLanguage\":\"fr-FR\",\"potentialAction\":[{\"@type\":\"ReadAction\",\"target\":[\"https:\\\/\\\/cvlh14.fr\\\/?page_id=56\"]}]},{\"@type\":\"BreadcrumbList\",\"@id\":\"https:\\\/\\\/cvlh14.fr\\\/?page_id=56#breadcrumb\",\"itemListElement\":[{\"@type\":\"ListItem\",\"position\":1,\"name\":\"Accueil\",\"item\":\"https:\\\/\\\/cvlh14.fr\\\/\"},{\"@type\":\"ListItem\",\"position\":2,\"name\":\"Mentions L\u00e9gales\"}]},{\"@type\":\"WebSite\",\"@id\":\"https:\\\/\\\/cvlh14.fr\\\/#website\",\"url\":\"https:\\\/\\\/cvlh14.fr\\\/\",\"name\":\"C.V.L.H.\",\"description\":\"Voile, Char \u00e0 Voile\",\"publisher\":{\"@id\":\"https:\\\/\\\/cvlh14.fr\\\/#organization\"},\"potentialAction\":[{\"@type\":\"SearchAction\",\"target\":{\"@type\":\"EntryPoint\",\"urlTemplate\":\"https:\\\/\\\/cvlh14.fr\\\/?s={search_term_string}\"},\"query-input\":{\"@type\":\"PropertyValueSpecification\",\"valueRequired\":true,\"valueName\":\"search_term_string\"}}],\"inLanguage\":\"fr-FR\"},{\"@type\":\"Organization\",\"@id\":\"https:\\\/\\\/cvlh14.fr\\\/#organization\",\"name\":\"CLUB DE VOILE ET LOISIRS HERMANVILLE\",\"url\":\"https:\\\/\\\/cvlh14.fr\\\/\",\"logo\":{\"@type\":\"ImageObject\",\"inLanguage\":\"fr-FR\",\"@id\":\"https:\\\/\\\/cvlh14.fr\\\/#\\\/schema\\\/logo\\\/image\\\/\",\"url\":\"https:\\\/\\\/cvlh14.fr\\\/wp-content\\\/uploads\\\/2021\\\/03\\\/cropped-cropped-logoNew-1-2.png\",\"contentUrl\":\"https:\\\/\\\/cvlh14.fr\\\/wp-content\\\/uploads\\\/2021\\\/03\\\/cropped-cropped-logoNew-1-2.png\",\"width\":493,\"height\":456,\"caption\":\"CLUB DE VOILE ET LOISIRS HERMANVILLE\"},\"image\":{\"@id\":\"https:\\\/\\\/cvlh14.fr\\\/#\\\/schema\\\/logo\\\/image\\\/\"},\"sameAs\":[\"https:\\\/\\\/www.facebook.com\\\/Club-de-Voile-et-Loisirs-dHermanville-sur-mer-217503885002723\\\/\",\"https:\\\/\\\/www.instagram.com\\\/cvlhermanville\\\/\"]}]}<\/script>\n<!-- \/ Yoast SEO plugin. -->","yoast_head_json":{"title":"Mentions L\u00e9gales - C.V.L.H.","robots":{"index":"index","follow":"follow","max-snippet":"max-snippet:-1","max-image-preview":"max-image-preview:large","max-video-preview":"max-video-preview:-1"},"canonical":"https:\/\/cvlh14.fr\/?page_id=56","og_locale":"fr_FR","og_type":"article","og_title":"Mentions L\u00e9gales - C.V.L.H.","og_description":"Le site cvlh14.fr est \u00e9dit\u00e9 par le C.V.L.H. Club de Voile et de Loisirs d&rsquo;Hermanville Association loi 1901 Adresse :&nbsp;37, Boulevard de la 3\u00e8me division d&rsquo;infanterie Britanique, 14880 Hermanville-sur-Mer (F) Mail : cvlh14(at)gmail.com La directrice de la publication de ce site est Lucette Mann Ce site est h\u00e9berg\u00e9 par OVH [&hellip;]","og_url":"https:\/\/cvlh14.fr\/?page_id=56","og_site_name":"C.V.L.H.","article_publisher":"https:\/\/www.facebook.com\/Club-de-Voile-et-Loisirs-dHermanville-sur-mer-217503885002723\/","article_modified_time":"2022-01-15T11:26:36+00:00","twitter_card":"summary_large_image","twitter_misc":{"Dur\u00e9e de lecture estim\u00e9e":"2 minutes"},"schema":{"@context":"https:\/\/schema.org","@graph":[{"@type":"WebPage","@id":"https:\/\/cvlh14.fr\/?page_id=56","url":"https:\/\/cvlh14.fr\/?page_id=56","name":"Mentions L\u00e9gales - C.V.L.H.","isPartOf":{"@id":"https:\/\/cvlh14.fr\/#website"},"datePublished":"2021-03-19T17:30:26+00:00","dateModified":"2022-01-15T11:26:36+00:00","breadcrumb":{"@id":"https:\/\/cvlh14.fr\/?page_id=56#breadcrumb"},"inLanguage":"fr-FR","potentialAction":[{"@type":"ReadAction","target":["https:\/\/cvlh14.fr\/?page_id=56"]}]},{"@type":"BreadcrumbList","@id":"https:\/\/cvlh14.fr\/?page_id=56#breadcrumb","itemListElement":[{"@type":"ListItem","position":1,"name":"Accueil","item":"https:\/\/cvlh14.fr\/"},{"@type":"ListItem","position":2,"name":"Mentions L\u00e9gales"}]},{"@type":"WebSite","@id":"https:\/\/cvlh14.fr\/#website","url":"https:\/\/cvlh14.fr\/","name":"C.V.L.H.","description":"Voile, Char \u00e0 Voile","publisher":{"@id":"https:\/\/cvlh14.fr\/#organization"},"potentialAction":[{"@type":"SearchAction","target":{"@type":"EntryPoint","urlTemplate":"https:\/\/cvlh14.fr\/?s={search_term_string}"},"query-input":{"@type":"PropertyValueSpecification","valueRequired":true,"valueName":"search_term_string"}}],"inLanguage":"fr-FR"},{"@type":"Organization","@id":"https:\/\/cvlh14.fr\/#organization","name":"CLUB DE VOILE ET LOISIRS HERMANVILLE","url":"https:\/\/cvlh14.fr\/","logo":{"@type":"ImageObject","inLanguage":"fr-FR","@id":"https:\/\/cvlh14.fr\/#\/schema\/logo\/image\/","url":"https:\/\/cvlh14.fr\/wp-content\/uploads\/2021\/03\/cropped-cropped-logoNew-1-2.png","contentUrl":"https:\/\/cvlh14.fr\/wp-content\/uploads\/2021\/03\/cropped-cropped-logoNew-1-2.png","width":493,"height":456,"caption":"CLUB DE VOILE ET LOISIRS HERMANVILLE"},"image":{"@id":"https:\/\/cvlh14.fr\/#\/schema\/logo\/image\/"},"sameAs":["https:\/\/www.facebook.com\/Club-de-Voile-et-Loisirs-dHermanville-sur-mer-217503885002723\/","https:\/\/www.instagram.com\/cvlhermanville\/"]}]}},"jetpack_sharing_enabled":true,"_links":{"self":[{"href":"https:\/\/cvlh14.fr\/index.php?rest_route=\/wp\/v2\/pages\/56","targetHints":{"allow":["GET"]}}],"collection":[{"href":"https:\/\/cvlh14.fr\/index.php?rest_route=\/wp\/v2\/pages"}],"about":[{"href":"https:\/\/cvlh14.fr\/index.php?rest_route=\/wp\/v2\/types\/page"}],"author":[{"embeddable":true,"href":"https:\/\/cvlh14.fr\/index.php?rest_route=\/wp\/v2\/users\/1"}],"replies":[{"embeddable":true,"href":"https:\/\/cvlh14.fr\/index.php?rest_route=%2Fwp%2Fv2%2Fcomments&post=56"}],"version-history":[{"count":11,"href":"https:\/\/cvlh14.fr\/index.php?rest_route=\/wp\/v2\/pages\/56\/revisions"}],"predecessor-version":[{"id":1141,"href":"https:\/\/cvlh14.fr\/index.php?rest_route=\/wp\/v2\/pages\/56\/revisions\/1141"}],"wp:attachment":[{"href":"https:\/\/cvlh14.fr\/index.php?rest_route=%2Fwp%2Fv2%2Fmedia&parent=56"}],"curies":[{"name":"wp","href":"https:\/\/api.w.org\/{rel}","templated":true}]}}