{"id":410,"date":"2021-05-05T16:41:06","date_gmt":"2021-05-05T14:41:06","guid":{"rendered":"https:\/\/new.cvlh14.fr\/?page_id=410"},"modified":"2025-02-22T11:01:27","modified_gmt":"2025-02-22T10:01:27","slug":"groupes","status":"publish","type":"page","link":"https:\/\/cvlh14.fr\/?page_id=410","title":{"rendered":"GROUPES\/SCOLAIRES"},"content":{"rendered":"\n<p>Le CVLH est en capacit\u00e9 d&rsquo;accueillir les groupes toute l&rsquo;ann\u00e9e : <br><br><strong>Scolaires, centre de vacances, centres a\u00e9r\u00e9s, <strong>associations, comit\u00e9s d\u2019entreprises, <\/strong>\u2026<\/strong><br><br>Selon vos projets et l&rsquo;\u00e2ge des participants, nous pouvons vous proposer tout un<br>panel d&rsquo;activit\u00e9s : voile, char \u00e0 voile, d\u00e9couverte du milieu marin, kayak, paddle, cerf-volant\u2026<br><br>En naviguant sur notre site, vous prendrez connaissance des d\u00e9tails de nos activit\u00e9s.<\/p>\n\n\n\n<p><strong>Nous vous conseillons de prendre <a href=\"https:\/\/cvlh14.fr\/?page_id=34\">contact <\/a>avec nous pour obtenir un devis personnalis\u00e9.<\/strong><\/p>\n\n\n\n<div class=\"wp-block-group\"><div class=\"wp-block-group__inner-container is-layout-flow wp-block-group-is-layout-flow\">\n<div class=\"wp-block-columns is-layout-flex wp-container-core-columns-is-layout-28f84493 wp-block-columns-is-layout-flex\">\n<div class=\"wp-block-column is-layout-flow wp-block-column-is-layout-flow\">\n<figure class=\"wp-block-image size-large\"><img decoding=\"async\" src=\"https:\/\/cvlh14.fr\/wp-content\/uploads\/2021\/10\/DwFa2CcX0AAhlyn-1024x768.jpg\" alt=\"\"\/><\/figure>\n\n\n\n<figure class=\"wp-block-image size-large\"><img decoding=\"async\" src=\"https:\/\/cvlh14.fr\/wp-content\/uploads\/2021\/10\/20210629_141746-min.jpg\" alt=\"\"\/><\/figure>\n<\/div>\n\n\n\n<div class=\"wp-block-column is-layout-flow wp-block-column-is-layout-flow\">\n<figure class=\"wp-block-image size-large\"><img decoding=\"async\" src=\"https:\/\/cvlh14.fr\/wp-content\/uploads\/2021\/10\/DSC_2489-min-1024x768.jpg\" alt=\"\"\/><\/figure>\n\n\n\n<figure class=\"wp-block-image size-large\"><img decoding=\"async\" src=\"https:\/\/cvlh14.fr\/wp-content\/uploads\/2021\/10\/DSC_2397-min-1024x766.jpg\" alt=\"\"\/><\/figure>\n<\/div>\n\n\n\n<div class=\"wp-block-column is-layout-flow wp-block-column-is-layout-flow\">\n<figure class=\"wp-block-image size-large\"><img decoding=\"async\" src=\"https:\/\/cvlh14.fr\/wp-content\/uploads\/2021\/10\/DSC_2321-min-1024x768.jpg\" alt=\"\"\/><\/figure>\n\n\n\n<figure class=\"wp-block-image size-large\"><img decoding=\"async\" src=\"https:\/\/cvlh14.fr\/wp-content\/uploads\/2021\/10\/DSC_1422-min-1024x768.jpg\" alt=\"\"\/><\/figure>\n<\/div>\n<\/div>\n<\/div><\/div>\n\n\n\n<p><strong>Plaquette en PDF : <a href=\"https:\/\/cvlh14.fr\/wp-content\/uploads\/2025\/02\/pub-ecole-2024-2025_compressed-3.pdf\" target=\"_blank\" rel=\"noreferrer noopener nofollow\">Activit\u00e9s Nautiques \u00e0 l\u2019\u00e9cole<\/a><\/strong><\/p>\n\n\n\n<p>T\u00e9l\u00e9chargez au format PDF : <a href=\"https:\/\/cvlh14.fr\/wp-content\/uploads\/2024\/02\/EQUIPEMENTS-A-PREVOIRE.png\" target=\"_blank\" rel=\"noreferrer noopener\">Equipements a pr\u00e9voir<\/a><\/p>\n\n\n\n<p><\/p>\n","protected":false},"excerpt":{"rendered":"<p>Le CVLH est en capacit\u00e9 d&rsquo;accueillir les groupes toute l&rsquo;ann\u00e9e : Scolaires, centre de vacances, centres a\u00e9r\u00e9s, associations, comit\u00e9s d\u2019entreprises, \u2026 Selon vos projets et l&rsquo;\u00e2ge des participants, nous pouvons vous proposer tout unpanel d&rsquo;activit\u00e9s : voile, char \u00e0 voile, d\u00e9couverte du milieu marin, kayak, paddle, cerf-volant\u2026 En naviguant sur [&hellip;]<\/p>\n","protected":false},"author":1,"featured_media":0,"parent":0,"menu_order":0,"comment_status":"closed","ping_status":"closed","template":"","meta":{"_monsterinsights_skip_tracking":false,"_monsterinsights_sitenote_active":false,"_monsterinsights_sitenote_note":"","_monsterinsights_sitenote_category":0,"footnotes":""},"class_list":["post-410","page","type-page","status-publish","hentry"],"yoast_head":"<!-- This site is optimized with the Yoast SEO plugin v27.4 - https:\/\/yoast.com\/product\/yoast-seo-wordpress\/ -->\n<title>GROUPES\/SCOLAIRES - C.V.L.H.<\/title>\n<meta name=\"robots\" content=\"index, follow, max-snippet:-1, max-image-preview:large, max-video-preview:-1\" \/>\n<link rel=\"canonical\" href=\"https:\/\/cvlh14.fr\/?page_id=410\" \/>\n<meta property=\"og:locale\" content=\"fr_FR\" \/>\n<meta property=\"og:type\" content=\"article\" \/>\n<meta property=\"og:title\" content=\"GROUPES\/SCOLAIRES - C.V.L.H.\" \/>\n<meta property=\"og:description\" content=\"Le CVLH est en capacit\u00e9 d&rsquo;accueillir les groupes toute l&rsquo;ann\u00e9e : Scolaires, centre de vacances, centres a\u00e9r\u00e9s, associations, comit\u00e9s d\u2019entreprises, \u2026 Selon vos projets et l&rsquo;\u00e2ge des participants, nous pouvons vous proposer tout unpanel d&rsquo;activit\u00e9s : voile, char \u00e0 voile, d\u00e9couverte du milieu marin, kayak, paddle, cerf-volant\u2026 En naviguant sur [&hellip;]\" \/>\n<meta property=\"og:url\" content=\"https:\/\/cvlh14.fr\/?page_id=410\" \/>\n<meta property=\"og:site_name\" content=\"C.V.L.H.\" \/>\n<meta property=\"article:publisher\" content=\"https:\/\/www.facebook.com\/Club-de-Voile-et-Loisirs-dHermanville-sur-mer-217503885002723\/\" \/>\n<meta property=\"article:modified_time\" content=\"2025-02-22T10:01:27+00:00\" \/>\n<meta property=\"og:image\" content=\"https:\/\/cvlh14.fr\/wp-content\/uploads\/2021\/10\/DwFa2CcX0AAhlyn-1024x768.jpg\" \/>\n<meta name=\"twitter:card\" content=\"summary_large_image\" \/>\n<meta name=\"twitter:label1\" content=\"Dur\u00e9e de lecture estim\u00e9e\" \/>\n\t<meta name=\"twitter:data1\" content=\"2 minutes\" \/>\n<script type=\"application\/ld+json\" class=\"yoast-schema-graph\">{\"@context\":\"https:\\\/\\\/schema.org\",\"@graph\":[{\"@type\":\"WebPage\",\"@id\":\"https:\\\/\\\/cvlh14.fr\\\/?page_id=410\",\"url\":\"https:\\\/\\\/cvlh14.fr\\\/?page_id=410\",\"name\":\"GROUPES\\\/SCOLAIRES - C.V.L.H.\",\"isPartOf\":{\"@id\":\"https:\\\/\\\/cvlh14.fr\\\/#website\"},\"primaryImageOfPage\":{\"@id\":\"https:\\\/\\\/cvlh14.fr\\\/?page_id=410#primaryimage\"},\"image\":{\"@id\":\"https:\\\/\\\/cvlh14.fr\\\/?page_id=410#primaryimage\"},\"thumbnailUrl\":\"https:\\\/\\\/cvlh14.fr\\\/wp-content\\\/uploads\\\/2021\\\/10\\\/DwFa2CcX0AAhlyn-1024x768.jpg\",\"datePublished\":\"2021-05-05T14:41:06+00:00\",\"dateModified\":\"2025-02-22T10:01:27+00:00\",\"breadcrumb\":{\"@id\":\"https:\\\/\\\/cvlh14.fr\\\/?page_id=410#breadcrumb\"},\"inLanguage\":\"fr-FR\",\"potentialAction\":[{\"@type\":\"ReadAction\",\"target\":[\"https:\\\/\\\/cvlh14.fr\\\/?page_id=410\"]}]},{\"@type\":\"ImageObject\",\"inLanguage\":\"fr-FR\",\"@id\":\"https:\\\/\\\/cvlh14.fr\\\/?page_id=410#primaryimage\",\"url\":\"https:\\\/\\\/cvlh14.fr\\\/wp-content\\\/uploads\\\/2021\\\/10\\\/DwFa2CcX0AAhlyn.jpg\",\"contentUrl\":\"https:\\\/\\\/cvlh14.fr\\\/wp-content\\\/uploads\\\/2021\\\/10\\\/DwFa2CcX0AAhlyn.jpg\",\"width\":1080,\"height\":810},{\"@type\":\"BreadcrumbList\",\"@id\":\"https:\\\/\\\/cvlh14.fr\\\/?page_id=410#breadcrumb\",\"itemListElement\":[{\"@type\":\"ListItem\",\"position\":1,\"name\":\"Accueil\",\"item\":\"https:\\\/\\\/cvlh14.fr\\\/\"},{\"@type\":\"ListItem\",\"position\":2,\"name\":\"GROUPES\\\/SCOLAIRES\"}]},{\"@type\":\"WebSite\",\"@id\":\"https:\\\/\\\/cvlh14.fr\\\/#website\",\"url\":\"https:\\\/\\\/cvlh14.fr\\\/\",\"name\":\"C.V.L.H.\",\"description\":\"Voile, Char \u00e0 Voile\",\"publisher\":{\"@id\":\"https:\\\/\\\/cvlh14.fr\\\/#organization\"},\"potentialAction\":[{\"@type\":\"SearchAction\",\"target\":{\"@type\":\"EntryPoint\",\"urlTemplate\":\"https:\\\/\\\/cvlh14.fr\\\/?s={search_term_string}\"},\"query-input\":{\"@type\":\"PropertyValueSpecification\",\"valueRequired\":true,\"valueName\":\"search_term_string\"}}],\"inLanguage\":\"fr-FR\"},{\"@type\":\"Organization\",\"@id\":\"https:\\\/\\\/cvlh14.fr\\\/#organization\",\"name\":\"CLUB DE VOILE ET LOISIRS HERMANVILLE\",\"url\":\"https:\\\/\\\/cvlh14.fr\\\/\",\"logo\":{\"@type\":\"ImageObject\",\"inLanguage\":\"fr-FR\",\"@id\":\"https:\\\/\\\/cvlh14.fr\\\/#\\\/schema\\\/logo\\\/image\\\/\",\"url\":\"https:\\\/\\\/cvlh14.fr\\\/wp-content\\\/uploads\\\/2021\\\/03\\\/cropped-cropped-logoNew-1-2.png\",\"contentUrl\":\"https:\\\/\\\/cvlh14.fr\\\/wp-content\\\/uploads\\\/2021\\\/03\\\/cropped-cropped-logoNew-1-2.png\",\"width\":493,\"height\":456,\"caption\":\"CLUB DE VOILE ET LOISIRS HERMANVILLE\"},\"image\":{\"@id\":\"https:\\\/\\\/cvlh14.fr\\\/#\\\/schema\\\/logo\\\/image\\\/\"},\"sameAs\":[\"https:\\\/\\\/www.facebook.com\\\/Club-de-Voile-et-Loisirs-dHermanville-sur-mer-217503885002723\\\/\",\"https:\\\/\\\/www.instagram.com\\\/cvlhermanville\\\/\"]}]}<\/script>\n<!-- \/ Yoast SEO plugin. -->","yoast_head_json":{"title":"GROUPES\/SCOLAIRES - C.V.L.H.","robots":{"index":"index","follow":"follow","max-snippet":"max-snippet:-1","max-image-preview":"max-image-preview:large","max-video-preview":"max-video-preview:-1"},"canonical":"https:\/\/cvlh14.fr\/?page_id=410","og_locale":"fr_FR","og_type":"article","og_title":"GROUPES\/SCOLAIRES - C.V.L.H.","og_description":"Le CVLH est en capacit\u00e9 d&rsquo;accueillir les groupes toute l&rsquo;ann\u00e9e : Scolaires, centre de vacances, centres a\u00e9r\u00e9s, associations, comit\u00e9s d\u2019entreprises, \u2026 Selon vos projets et l&rsquo;\u00e2ge des participants, nous pouvons vous proposer tout unpanel d&rsquo;activit\u00e9s : voile, char \u00e0 voile, d\u00e9couverte du milieu marin, kayak, paddle, cerf-volant\u2026 En naviguant sur [&hellip;]","og_url":"https:\/\/cvlh14.fr\/?page_id=410","og_site_name":"C.V.L.H.","article_publisher":"https:\/\/www.facebook.com\/Club-de-Voile-et-Loisirs-dHermanville-sur-mer-217503885002723\/","article_modified_time":"2025-02-22T10:01:27+00:00","og_image":[{"url":"https:\/\/cvlh14.fr\/wp-content\/uploads\/2021\/10\/DwFa2CcX0AAhlyn-1024x768.jpg","type":"","width":"","height":""}],"twitter_card":"summary_large_image","twitter_misc":{"Dur\u00e9e de lecture estim\u00e9e":"2 minutes"},"schema":{"@context":"https:\/\/schema.org","@graph":[{"@type":"WebPage","@id":"https:\/\/cvlh14.fr\/?page_id=410","url":"https:\/\/cvlh14.fr\/?page_id=410","name":"GROUPES\/SCOLAIRES - C.V.L.H.","isPartOf":{"@id":"https:\/\/cvlh14.fr\/#website"},"primaryImageOfPage":{"@id":"https:\/\/cvlh14.fr\/?page_id=410#primaryimage"},"image":{"@id":"https:\/\/cvlh14.fr\/?page_id=410#primaryimage"},"thumbnailUrl":"https:\/\/cvlh14.fr\/wp-content\/uploads\/2021\/10\/DwFa2CcX0AAhlyn-1024x768.jpg","datePublished":"2021-05-05T14:41:06+00:00","dateModified":"2025-02-22T10:01:27+00:00","breadcrumb":{"@id":"https:\/\/cvlh14.fr\/?page_id=410#breadcrumb"},"inLanguage":"fr-FR","potentialAction":[{"@type":"ReadAction","target":["https:\/\/cvlh14.fr\/?page_id=410"]}]},{"@type":"ImageObject","inLanguage":"fr-FR","@id":"https:\/\/cvlh14.fr\/?page_id=410#primaryimage","url":"https:\/\/cvlh14.fr\/wp-content\/uploads\/2021\/10\/DwFa2CcX0AAhlyn.jpg","contentUrl":"https:\/\/cvlh14.fr\/wp-content\/uploads\/2021\/10\/DwFa2CcX0AAhlyn.jpg","width":1080,"height":810},{"@type":"BreadcrumbList","@id":"https:\/\/cvlh14.fr\/?page_id=410#breadcrumb","itemListElement":[{"@type":"ListItem","position":1,"name":"Accueil","item":"https:\/\/cvlh14.fr\/"},{"@type":"ListItem","position":2,"name":"GROUPES\/SCOLAIRES"}]},{"@type":"WebSite","@id":"https:\/\/cvlh14.fr\/#website","url":"https:\/\/cvlh14.fr\/","name":"C.V.L.H.","description":"Voile, Char \u00e0 Voile","publisher":{"@id":"https:\/\/cvlh14.fr\/#organization"},"potentialAction":[{"@type":"SearchAction","target":{"@type":"EntryPoint","urlTemplate":"https:\/\/cvlh14.fr\/?s={search_term_string}"},"query-input":{"@type":"PropertyValueSpecification","valueRequired":true,"valueName":"search_term_string"}}],"inLanguage":"fr-FR"},{"@type":"Organization","@id":"https:\/\/cvlh14.fr\/#organization","name":"CLUB DE VOILE ET LOISIRS HERMANVILLE","url":"https:\/\/cvlh14.fr\/","logo":{"@type":"ImageObject","inLanguage":"fr-FR","@id":"https:\/\/cvlh14.fr\/#\/schema\/logo\/image\/","url":"https:\/\/cvlh14.fr\/wp-content\/uploads\/2021\/03\/cropped-cropped-logoNew-1-2.png","contentUrl":"https:\/\/cvlh14.fr\/wp-content\/uploads\/2021\/03\/cropped-cropped-logoNew-1-2.png","width":493,"height":456,"caption":"CLUB DE VOILE ET LOISIRS HERMANVILLE"},"image":{"@id":"https:\/\/cvlh14.fr\/#\/schema\/logo\/image\/"},"sameAs":["https:\/\/www.facebook.com\/Club-de-Voile-et-Loisirs-dHermanville-sur-mer-217503885002723\/","https:\/\/www.instagram.com\/cvlhermanville\/"]}]}},"jetpack_sharing_enabled":true,"_links":{"self":[{"href":"https:\/\/cvlh14.fr\/index.php?rest_route=\/wp\/v2\/pages\/410","targetHints":{"allow":["GET"]}}],"collection":[{"href":"https:\/\/cvlh14.fr\/index.php?rest_route=\/wp\/v2\/pages"}],"about":[{"href":"https:\/\/cvlh14.fr\/index.php?rest_route=\/wp\/v2\/types\/page"}],"author":[{"embeddable":true,"href":"https:\/\/cvlh14.fr\/index.php?rest_route=\/wp\/v2\/users\/1"}],"replies":[{"embeddable":true,"href":"https:\/\/cvlh14.fr\/index.php?rest_route=%2Fwp%2Fv2%2Fcomments&post=410"}],"version-history":[{"count":43,"href":"https:\/\/cvlh14.fr\/index.php?rest_route=\/wp\/v2\/pages\/410\/revisions"}],"predecessor-version":[{"id":1370,"href":"https:\/\/cvlh14.fr\/index.php?rest_route=\/wp\/v2\/pages\/410\/revisions\/1370"}],"wp:attachment":[{"href":"https:\/\/cvlh14.fr\/index.php?rest_route=%2Fwp%2Fv2%2Fmedia&parent=410"}],"curies":[{"name":"wp","href":"https:\/\/api.w.org\/{rel}","templated":true}]}}