{"id":34,"date":"2021-03-19T18:23:54","date_gmt":"2021-03-19T17:23:54","guid":{"rendered":"https:\/\/new.cvlh14.fr\/?page_id=34"},"modified":"2021-10-27T23:12:29","modified_gmt":"2021-10-27T21:12:29","slug":"contact","status":"publish","type":"page","link":"https:\/\/cvlh14.fr\/?page_id=34","title":{"rendered":"CONTACT"},"content":{"rendered":"\n<div class=\"wp-block-columns alignfull is-layout-flex wp-container-core-columns-is-layout-28f84493 wp-block-columns-is-layout-flex\">\n<div class=\"wp-block-column is-layout-flow wp-block-column-is-layout-flow\">\n<div style=\"width: 100%\"><iframe loading=\"lazy\" scrolling=\"no\" marginheight=\"0\" marginwidth=\"0\" src=\"https:\/\/www.google.com\/maps\/embed?pb=!1m18!1m12!1m3!1d1094.0043703153265!2d-.294256110699437!3d49.295427198873256!2m3!1f0!2f0!3f0!3m2!1i1024!2i768!4f13.1!3m3!1m2!1s0x480a61254bee39c7%3A0x42d9d47759fd8884!2sClub%20de%20Voile%20et%20Loisirs%20d'Hermanville%20sur%20Mer!5e0!3m2!1sfr!2sfr!4v1620059968182!5m2!1sfr!2sfr\" width=\"100%\" height=\"400\" frameborder=\"0\"><\/iframe><\/div>\n\n\n\n<p><\/p>\n<\/div>\n<\/div>\n\n\n\n<div class=\"wp-block-columns container is-layout-flex wp-container-core-columns-is-layout-28f84493 wp-block-columns-is-layout-flex\">\n<div class=\"wp-block-column is-vertically-aligned-center is-layout-flow wp-block-column-is-layout-flow\">\n<h2 class=\"hestia-title wp-block-heading\">Envoyer votre message<\/h2>\n\n\n\n<div style=\"height:40px\" aria-hidden=\"true\" class=\"wp-block-spacer\"><\/div>\n\n\n<div class=\"wpforms-container wpforms-container-full wpforms-block\" id=\"wpforms-1042\"><form id=\"wpforms-form-1042\" class=\"wpforms-validate wpforms-form wpforms-ajax-form\" data-formid=\"1042\" method=\"post\" enctype=\"multipart\/form-data\" action=\"\/index.php?rest_route=%2Fwp%2Fv2%2Fpages%2F34\" data-token=\"1c568a13d3c1ef9886cf1a43de61fb9e\" data-token-time=\"1776956337\"><noscript class=\"wpforms-error-noscript\">Veuillez activer JavaScript dans votre navigateur pour remplir ce formulaire.<\/noscript><div class=\"wpforms-field-container\"><div id=\"wpforms-1042-field_0-container\" class=\"wpforms-field wpforms-field-name\" data-field-id=\"0\"><label class=\"wpforms-field-label\">Nom <span class=\"wpforms-required-label\">*<\/span><\/label><div class=\"wpforms-field-row wpforms-field-medium\"><div class=\"wpforms-field-row-block wpforms-first wpforms-one-half\"><input type=\"text\" id=\"wpforms-1042-field_0\" class=\"wpforms-field-name-first wpforms-field-required\" name=\"wpforms[fields][0][first]\" required><label for=\"wpforms-1042-field_0\" class=\"wpforms-field-sublabel after\">Pr\u00e9nom<\/label><\/div><div class=\"wpforms-field-row-block wpforms-one-half\"><input type=\"text\" id=\"wpforms-1042-field_0-last\" class=\"wpforms-field-name-last wpforms-field-required\" name=\"wpforms[fields][0][last]\" required><label for=\"wpforms-1042-field_0-last\" class=\"wpforms-field-sublabel after\">Nom<\/label><\/div><\/div><\/div><div id=\"wpforms-1042-field_1-container\" class=\"wpforms-field wpforms-field-email\" data-field-id=\"1\"><label class=\"wpforms-field-label\" for=\"wpforms-1042-field_1\">Email <span class=\"wpforms-required-label\">*<\/span><\/label><input type=\"email\" id=\"wpforms-1042-field_1\" class=\"wpforms-field-medium wpforms-field-required\" name=\"wpforms[fields][1]\" spellcheck=\"false\" required><\/div><div id=\"wpforms-1042-field_2-container\" class=\"wpforms-field wpforms-field-textarea\" data-field-id=\"2\"><label class=\"wpforms-field-label\" for=\"wpforms-1042-field_2\">Message <span class=\"wpforms-required-label\">*<\/span><\/label><textarea id=\"wpforms-1042-field_2\" class=\"wpforms-field-medium wpforms-field-required\" name=\"wpforms[fields][2]\" required><\/textarea><\/div><\/div><!-- .wpforms-field-container --><div class=\"wpforms-recaptcha-container wpforms-is-recaptcha wpforms-is-recaptcha-type-v2\" ><div class=\"g-recaptcha\" data-sitekey=\"6LdWs_0cAAAAAAgCk5RhLOP2gYwIEfuL9T7U3yK6\"><\/div><input type=\"text\" name=\"g-recaptcha-hidden\" class=\"wpforms-recaptcha-hidden\" style=\"position:absolute!important;clip:rect(0,0,0,0)!important;height:1px!important;width:1px!important;border:0!important;overflow:hidden!important;padding:0!important;margin:0!important;\" data-rule-recaptcha=\"1\"><\/div><div class=\"wpforms-submit-container\" ><input type=\"hidden\" name=\"wpforms[id]\" value=\"1042\"><input type=\"hidden\" name=\"page_title\" value=\"\"><input type=\"hidden\" name=\"page_url\" value=\"https:\/\/cvlh14.fr\/index.php?rest_route=\/wp\/v2\/pages\/34\"><input type=\"hidden\" name=\"url_referer\" value=\"\"><button type=\"submit\" name=\"wpforms[submit]\" id=\"wpforms-submit-1042\" class=\"wpforms-submit\" data-alt-text=\"Envoi\" data-submit-text=\"Envoyer\" aria-live=\"assertive\" value=\"wpforms-submit\">Envoyer<\/button><img loading=\"lazy\" decoding=\"async\" src=\"https:\/\/cvlh14.fr\/wp-content\/plugins\/wpforms-lite\/assets\/images\/submit-spin.svg\" class=\"wpforms-submit-spinner\" style=\"display: none;\" width=\"26\" height=\"26\" alt=\"Chargement en cours\"><\/div><\/form><\/div>  <!-- .wpforms-container --><\/div>\n\n\n\n<div class=\"wp-block-column is-vertically-aligned-center is-layout-flow wp-block-column-is-layout-flow\">\n<div class=\"wp-block-columns is-layout-flex wp-container-core-columns-is-layout-28f84493 wp-block-columns-is-layout-flex\">\n<div class=\"wp-block-column is-layout-flow wp-block-column-is-layout-flow\"><\/div>\n\n\n\n<div class=\"wp-block-column is-layout-flow wp-block-column-is-layout-flow\" style=\"flex-basis:50%\">\n<h4 class=\"has-text-align-left hestia-title has-text-color wp-block-heading\" style=\"color:#3c4858;font-size:18px\"><strong>Adresse<\/strong><\/h4>\n\n\n\n<p class=\"has-text-align-left has-text-color has-normal-font-size\" style=\"color:#999999\">37, Boulevard de la 3\u00e9me DIB<br>14880 Hermanville-sur-Mer<br>France<\/p>\n\n\n\n<div style=\"height:40px\" aria-hidden=\"true\" class=\"wp-block-spacer\"><\/div>\n\n\n\n<h4 class=\"has-text-align-left hestia-title has-text-color wp-block-heading\" style=\"color:#3c4858;font-size:18px\"><strong><strong>T\u00e9l\u00e9phone<\/strong><\/strong><\/h4>\n\n\n\n<p class=\"has-text-align-left has-text-color has-normal-font-size\" style=\"color:#999999\">02 31 97 53 52<\/p>\n\n\n\n<div style=\"height:40px\" aria-hidden=\"true\" class=\"wp-block-spacer\"><\/div>\n<\/div>\n\n\n\n<div class=\"wp-block-column is-layout-flow wp-block-column-is-layout-flow\"><\/div>\n<\/div>\n<\/div>\n<\/div>\n","protected":false},"excerpt":{"rendered":"<p>Envoyer votre message Adresse 37, Boulevard de la 3\u00e9me DIB14880 Hermanville-sur-MerFrance T\u00e9l\u00e9phone 02 31 97 53 52<\/p>\n","protected":false},"author":1,"featured_media":0,"parent":0,"menu_order":0,"comment_status":"closed","ping_status":"closed","template":"page-templates\/template-pagebuilder-full-width.php","meta":{"_monsterinsights_skip_tracking":false,"_monsterinsights_sitenote_active":false,"_monsterinsights_sitenote_note":"","_monsterinsights_sitenote_category":0,"footnotes":""},"class_list":["post-34","page","type-page","status-publish","hentry"],"yoast_head":"<!-- This site is optimized with the Yoast SEO plugin v27.4 - https:\/\/yoast.com\/product\/yoast-seo-wordpress\/ -->\n<title>CONTACT - C.V.L.H.<\/title>\n<meta name=\"robots\" content=\"index, follow, max-snippet:-1, max-image-preview:large, max-video-preview:-1\" \/>\n<link rel=\"canonical\" href=\"https:\/\/cvlh14.fr\/?page_id=34\" \/>\n<meta property=\"og:locale\" content=\"fr_FR\" \/>\n<meta property=\"og:type\" content=\"article\" \/>\n<meta property=\"og:title\" content=\"CONTACT - C.V.L.H.\" \/>\n<meta property=\"og:description\" content=\"Envoyer votre message Adresse 37, Boulevard de la 3\u00e9me DIB14880 Hermanville-sur-MerFrance T\u00e9l\u00e9phone 02 31 97 53 52\" \/>\n<meta property=\"og:url\" content=\"https:\/\/cvlh14.fr\/?page_id=34\" \/>\n<meta property=\"og:site_name\" content=\"C.V.L.H.\" \/>\n<meta property=\"article:publisher\" content=\"https:\/\/www.facebook.com\/Club-de-Voile-et-Loisirs-dHermanville-sur-mer-217503885002723\/\" \/>\n<meta property=\"article:modified_time\" content=\"2021-10-27T21:12:29+00:00\" \/>\n<meta name=\"twitter:card\" content=\"summary_large_image\" \/>\n<meta name=\"twitter:label1\" content=\"Dur\u00e9e de lecture estim\u00e9e\" \/>\n\t<meta name=\"twitter:data1\" content=\"1 minute\" \/>\n<script type=\"application\/ld+json\" class=\"yoast-schema-graph\">{\"@context\":\"https:\\\/\\\/schema.org\",\"@graph\":[{\"@type\":\"WebPage\",\"@id\":\"https:\\\/\\\/cvlh14.fr\\\/?page_id=34\",\"url\":\"https:\\\/\\\/cvlh14.fr\\\/?page_id=34\",\"name\":\"CONTACT - C.V.L.H.\",\"isPartOf\":{\"@id\":\"https:\\\/\\\/cvlh14.fr\\\/#website\"},\"datePublished\":\"2021-03-19T17:23:54+00:00\",\"dateModified\":\"2021-10-27T21:12:29+00:00\",\"breadcrumb\":{\"@id\":\"https:\\\/\\\/cvlh14.fr\\\/?page_id=34#breadcrumb\"},\"inLanguage\":\"fr-FR\",\"potentialAction\":[{\"@type\":\"ReadAction\",\"target\":[\"https:\\\/\\\/cvlh14.fr\\\/?page_id=34\"]}]},{\"@type\":\"BreadcrumbList\",\"@id\":\"https:\\\/\\\/cvlh14.fr\\\/?page_id=34#breadcrumb\",\"itemListElement\":[{\"@type\":\"ListItem\",\"position\":1,\"name\":\"Accueil\",\"item\":\"https:\\\/\\\/cvlh14.fr\\\/\"},{\"@type\":\"ListItem\",\"position\":2,\"name\":\"CONTACT\"}]},{\"@type\":\"WebSite\",\"@id\":\"https:\\\/\\\/cvlh14.fr\\\/#website\",\"url\":\"https:\\\/\\\/cvlh14.fr\\\/\",\"name\":\"C.V.L.H.\",\"description\":\"Voile, Char \u00e0 Voile\",\"publisher\":{\"@id\":\"https:\\\/\\\/cvlh14.fr\\\/#organization\"},\"potentialAction\":[{\"@type\":\"SearchAction\",\"target\":{\"@type\":\"EntryPoint\",\"urlTemplate\":\"https:\\\/\\\/cvlh14.fr\\\/?s={search_term_string}\"},\"query-input\":{\"@type\":\"PropertyValueSpecification\",\"valueRequired\":true,\"valueName\":\"search_term_string\"}}],\"inLanguage\":\"fr-FR\"},{\"@type\":\"Organization\",\"@id\":\"https:\\\/\\\/cvlh14.fr\\\/#organization\",\"name\":\"CLUB DE VOILE ET LOISIRS HERMANVILLE\",\"url\":\"https:\\\/\\\/cvlh14.fr\\\/\",\"logo\":{\"@type\":\"ImageObject\",\"inLanguage\":\"fr-FR\",\"@id\":\"https:\\\/\\\/cvlh14.fr\\\/#\\\/schema\\\/logo\\\/image\\\/\",\"url\":\"https:\\\/\\\/cvlh14.fr\\\/wp-content\\\/uploads\\\/2021\\\/03\\\/cropped-cropped-logoNew-1-2.png\",\"contentUrl\":\"https:\\\/\\\/cvlh14.fr\\\/wp-content\\\/uploads\\\/2021\\\/03\\\/cropped-cropped-logoNew-1-2.png\",\"width\":493,\"height\":456,\"caption\":\"CLUB DE VOILE ET LOISIRS HERMANVILLE\"},\"image\":{\"@id\":\"https:\\\/\\\/cvlh14.fr\\\/#\\\/schema\\\/logo\\\/image\\\/\"},\"sameAs\":[\"https:\\\/\\\/www.facebook.com\\\/Club-de-Voile-et-Loisirs-dHermanville-sur-mer-217503885002723\\\/\",\"https:\\\/\\\/www.instagram.com\\\/cvlhermanville\\\/\"]}]}<\/script>\n<!-- \/ Yoast SEO plugin. -->","yoast_head_json":{"title":"CONTACT - C.V.L.H.","robots":{"index":"index","follow":"follow","max-snippet":"max-snippet:-1","max-image-preview":"max-image-preview:large","max-video-preview":"max-video-preview:-1"},"canonical":"https:\/\/cvlh14.fr\/?page_id=34","og_locale":"fr_FR","og_type":"article","og_title":"CONTACT - C.V.L.H.","og_description":"Envoyer votre message Adresse 37, Boulevard de la 3\u00e9me DIB14880 Hermanville-sur-MerFrance T\u00e9l\u00e9phone 02 31 97 53 52","og_url":"https:\/\/cvlh14.fr\/?page_id=34","og_site_name":"C.V.L.H.","article_publisher":"https:\/\/www.facebook.com\/Club-de-Voile-et-Loisirs-dHermanville-sur-mer-217503885002723\/","article_modified_time":"2021-10-27T21:12:29+00:00","twitter_card":"summary_large_image","twitter_misc":{"Dur\u00e9e de lecture estim\u00e9e":"1 minute"},"schema":{"@context":"https:\/\/schema.org","@graph":[{"@type":"WebPage","@id":"https:\/\/cvlh14.fr\/?page_id=34","url":"https:\/\/cvlh14.fr\/?page_id=34","name":"CONTACT - C.V.L.H.","isPartOf":{"@id":"https:\/\/cvlh14.fr\/#website"},"datePublished":"2021-03-19T17:23:54+00:00","dateModified":"2021-10-27T21:12:29+00:00","breadcrumb":{"@id":"https:\/\/cvlh14.fr\/?page_id=34#breadcrumb"},"inLanguage":"fr-FR","potentialAction":[{"@type":"ReadAction","target":["https:\/\/cvlh14.fr\/?page_id=34"]}]},{"@type":"BreadcrumbList","@id":"https:\/\/cvlh14.fr\/?page_id=34#breadcrumb","itemListElement":[{"@type":"ListItem","position":1,"name":"Accueil","item":"https:\/\/cvlh14.fr\/"},{"@type":"ListItem","position":2,"name":"CONTACT"}]},{"@type":"WebSite","@id":"https:\/\/cvlh14.fr\/#website","url":"https:\/\/cvlh14.fr\/","name":"C.V.L.H.","description":"Voile, Char \u00e0 Voile","publisher":{"@id":"https:\/\/cvlh14.fr\/#organization"},"potentialAction":[{"@type":"SearchAction","target":{"@type":"EntryPoint","urlTemplate":"https:\/\/cvlh14.fr\/?s={search_term_string}"},"query-input":{"@type":"PropertyValueSpecification","valueRequired":true,"valueName":"search_term_string"}}],"inLanguage":"fr-FR"},{"@type":"Organization","@id":"https:\/\/cvlh14.fr\/#organization","name":"CLUB DE VOILE ET LOISIRS HERMANVILLE","url":"https:\/\/cvlh14.fr\/","logo":{"@type":"ImageObject","inLanguage":"fr-FR","@id":"https:\/\/cvlh14.fr\/#\/schema\/logo\/image\/","url":"https:\/\/cvlh14.fr\/wp-content\/uploads\/2021\/03\/cropped-cropped-logoNew-1-2.png","contentUrl":"https:\/\/cvlh14.fr\/wp-content\/uploads\/2021\/03\/cropped-cropped-logoNew-1-2.png","width":493,"height":456,"caption":"CLUB DE VOILE ET LOISIRS HERMANVILLE"},"image":{"@id":"https:\/\/cvlh14.fr\/#\/schema\/logo\/image\/"},"sameAs":["https:\/\/www.facebook.com\/Club-de-Voile-et-Loisirs-dHermanville-sur-mer-217503885002723\/","https:\/\/www.instagram.com\/cvlhermanville\/"]}]}},"jetpack_sharing_enabled":true,"_links":{"self":[{"href":"https:\/\/cvlh14.fr\/index.php?rest_route=\/wp\/v2\/pages\/34","targetHints":{"allow":["GET"]}}],"collection":[{"href":"https:\/\/cvlh14.fr\/index.php?rest_route=\/wp\/v2\/pages"}],"about":[{"href":"https:\/\/cvlh14.fr\/index.php?rest_route=\/wp\/v2\/types\/page"}],"author":[{"embeddable":true,"href":"https:\/\/cvlh14.fr\/index.php?rest_route=\/wp\/v2\/users\/1"}],"replies":[{"embeddable":true,"href":"https:\/\/cvlh14.fr\/index.php?rest_route=%2Fwp%2Fv2%2Fcomments&post=34"}],"version-history":[{"count":17,"href":"https:\/\/cvlh14.fr\/index.php?rest_route=\/wp\/v2\/pages\/34\/revisions"}],"predecessor-version":[{"id":1073,"href":"https:\/\/cvlh14.fr\/index.php?rest_route=\/wp\/v2\/pages\/34\/revisions\/1073"}],"wp:attachment":[{"href":"https:\/\/cvlh14.fr\/index.php?rest_route=%2Fwp%2Fv2%2Fmedia&parent=34"}],"curies":[{"name":"wp","href":"https:\/\/api.w.org\/{rel}","templated":true}]}}