{"id":33,"date":"2021-03-19T18:23:54","date_gmt":"2021-03-19T17:23:54","guid":{"rendered":"https:\/\/new.cvlh14.fr\/?page_id=33"},"modified":"2024-12-10T11:05:37","modified_gmt":"2024-12-10T10:05:37","slug":"home","status":"publish","type":"page","link":"https:\/\/cvlh14.fr\/","title":{"rendered":"ACCUEIL"},"content":{"rendered":"\n<div class=\"wp-block-cover aligncenter is-light hestia-clear-top-padding\" style=\"min-height:768px;aspect-ratio:unset;\"><span aria-hidden=\"true\" class=\"wp-block-cover__background has-white-background-color has-background-dim-100 has-background-dim\"><\/span><div class=\"wp-block-cover__inner-container is-layout-flow wp-block-cover-is-layout-flow\">\n<p class=\"has-black-color has-text-color\">Situ\u00e9 en&nbsp;<strong>Normandie<\/strong> dans le&nbsp;<strong>Calvados<\/strong>, \u00e0 15 kms au Nord de Caen, le CVLH vous propose ses activit\u00e9s toute l&rsquo;ann\u00e9e <br>sur la plage d\u2019<strong>Hermanville-sur-mer<\/strong>.<br>Nous vous accueillons quel que soit votre niveau&nbsp;: en initiation, perfectionnement ou comp\u00e9tition <br>selon diff\u00e9rentes formules&nbsp;: s\u00e9ance d\u00e9couverte, stage ou \u00e0 l&rsquo;ann\u00e9e.<br>L&rsquo;encadrement est assur\u00e9 par des <strong>moniteurs dipl\u00f4m\u00e9s d&rsquo;\u00e9tat. <\/strong><br>Dans une ambiance conviviale et sportive, vous progresserez en toute s\u00e9curit\u00e9.<\/p>\n\n\n\n<h2 class=\"wp-block-heading has-text-align-center has-text-color\" id=\"les-activites\" style=\"color:#3c4858\">Les activit\u00e9s  <\/h2>\n\n\n\n<div style=\"height:40px\" aria-hidden=\"true\" class=\"wp-block-spacer\"><\/div>\n\n\n\n<div class=\"wp-block-columns container is-layout-flex wp-container-core-columns-is-layout-28f84493 wp-block-columns-is-layout-flex\">\n<div class=\"wp-block-column is-layout-flow wp-block-column-is-layout-flow\"><div class=\"wp-block-image is-style-default\">\n<figure class=\"aligncenter size-large has-custom-border\"><a href=\"https:\/\/cvlh14.fr\/?page_id=126\"><img decoding=\"async\" src=\"https:\/\/cvlh14.fr\/wp-content\/uploads\/2021\/10\/DwFa2CcX0AAhlyn-1024x768.jpg\" alt=\"\" style=\"border-radius:5px\"\/><\/a><\/figure>\n<\/div>\n\n\n<h5 class=\"wp-block-heading has-text-align-center has-text-color\" id=\"char-a-voile\" style=\"color:#3c4858;font-size:18px\">Char \u00e0 Voile <\/h5>\n\n\n\n<p class=\"has-text-align-center has-black-color has-text-color\" style=\"font-size:14px\">\u00c0 partir de 7 ans, roulage sur l&rsquo;estran \u00e0 mar\u00e9e basse.<\/p>\n<\/div>\n\n\n\n<div class=\"wp-block-column is-layout-flow wp-block-column-is-layout-flow\"><div class=\"wp-block-image is-style-default\">\n<figure class=\"aligncenter size-large has-custom-border\"><a href=\"https:\/\/cvlh14.fr\/?page_id=128\"><img decoding=\"async\" src=\"https:\/\/cvlh14.fr\/wp-content\/uploads\/2021\/10\/20210418_150115-2-min-1024x768.jpg\" alt=\"\" style=\"border-radius:5px\"\/><\/a><\/figure>\n<\/div>\n\n\n<h5 class=\"wp-block-heading has-text-align-center has-text-color\" id=\"voile\" style=\"color:#3c4858;font-size:18px\">Voile<\/h5>\n\n\n\n<p class=\"has-text-align-center has-black-color has-text-color\" style=\"font-size:14px\">\u00c0 partir de 9 ans, navigation en mer matin et\/ou apr\u00e8s midi.<\/p>\n<\/div>\n\n\n\n<div class=\"wp-block-column is-layout-flow wp-block-column-is-layout-flow\"><div class=\"wp-block-image is-style-default\">\n<figure class=\"aligncenter size-large has-custom-border\"><a href=\"https:\/\/cvlh14.fr\/?page_id=263\"><img decoding=\"async\" src=\"https:\/\/cvlh14.fr\/wp-content\/uploads\/2021\/03\/cropped-DSC_1421-scaled-1-1024x768.jpg\" alt=\"\" style=\"border-radius:5px\"\/><\/a><\/figure>\n<\/div>\n\n\n<h5 class=\"wp-block-heading has-text-align-center has-text-color\" id=\"cerf-volant\" style=\"color:#3c4858;font-size:18px\">Cerf-volant<\/h5>\n\n\n\n<p class=\"has-text-align-center has-black-color has-text-color\" style=\"font-size:14px\"> \u00c0 partir de 6 ans, fabrication en salle et pilotage sur la plage.<\/p>\n<\/div>\n\n\n\n<div class=\"wp-block-column is-layout-flow wp-block-column-is-layout-flow\"><div class=\"wp-block-image is-style-default\">\n<figure class=\"aligncenter size-large has-custom-border\"><a href=\"https:\/\/cvlh14.fr\/?page_id=259\"><img decoding=\"async\" src=\"https:\/\/cvlh14.fr\/wp-content\/uploads\/2021\/10\/175958496_3861245200628555_7376481068571189100_n-1024x768.jpg\" alt=\"\" style=\"border-radius:5px\"\/><\/a><\/figure>\n<\/div>\n\n\n<h5 class=\"wp-block-heading has-text-align-center has-text-color\" id=\"kayak-paddle\" style=\"color:#3c4858;font-size:18px\">Kayak\/Paddle<\/h5>\n\n\n\n<p class=\"has-text-align-center has-black-color has-text-color\" style=\"font-size:14px\">\u00c0 partir de 12 ans, navigation en mer matin et\/ou apr\u00e8s midi. <\/p>\n<\/div>\n\n\n\n<div class=\"wp-block-column is-layout-flow wp-block-column-is-layout-flow\"><div class=\"wp-block-image\">\n<figure class=\"aligncenter size-large has-custom-border\"><a href=\"https:\/\/cvlh14.fr\/?page_id=261\"><img decoding=\"async\" src=\"https:\/\/cvlh14.fr\/wp-content\/uploads\/2021\/03\/DSC_2508-1024x768.jpg\" alt=\"\" style=\"border-radius:5px\"\/><\/a><\/figure>\n<\/div>\n\n\n<h5 class=\"wp-block-heading has-text-align-center has-text-color\" id=\"environnement-marin\" style=\"color:#3c4858;font-size:18px\">Environnement Marin<\/h5>\n\n\n\n<p class=\"has-text-align-center has-black-color has-text-color\" style=\"font-size:14px\"> \u00c0 partir de 6 ans, ateliers \u00e0 th\u00e8mes. D\u00e9couverte sur le terrain.<\/p>\n<\/div>\n<\/div>\n<\/div><\/div>\n\n\n\n<div class=\"wp-block-buttons alignwide is-content-justification-center is-layout-flex wp-container-core-buttons-is-layout-a89b3969 wp-block-buttons-is-layout-flex\">\n<div class=\"wp-block-button has-custom-width wp-block-button__width-75 has-custom-font-size is-style-fill\" style=\"font-size:22px\"><a class=\"wp-block-button__link has-black-color has-accent-background-color has-text-color has-background wp-element-button\" href=\"https:\/\/hermanville.axyomes.com\"><strong>R\u00c9SERVATION ET PLANNING EN LIGNE<\/strong><\/a><\/div>\n<\/div>\n\n\n\n<div style=\"height:35px\" aria-hidden=\"true\" class=\"wp-block-spacer\"><\/div>\n\n\n\n<hr class=\"wp-block-separator has-text-color has-css-opacity has-background is-style-wide\" style=\"background-color:#dac6c6;color:#dac6c6\"\/>\n","protected":false},"excerpt":{"rendered":"","protected":false},"author":1,"featured_media":0,"parent":0,"menu_order":0,"comment_status":"closed","ping_status":"closed","template":"","meta":{"_monsterinsights_skip_tracking":false,"_monsterinsights_sitenote_active":false,"_monsterinsights_sitenote_note":"","_monsterinsights_sitenote_category":0,"footnotes":""},"class_list":["post-33","page","type-page","status-publish","hentry"],"yoast_head":"<!-- This site is optimized with the Yoast SEO plugin v27.5 - https:\/\/yoast.com\/product\/yoast-seo-wordpress\/ -->\n<title>ACCUEIL - C.V.L.H.<\/title>\n<meta name=\"description\" content=\"Situ\u00e9 en\u00a0Normandie \u00e0 15 kms au Nord de Caen, le CVLH vous propose ses activit\u00e9s toute l&#039;ann\u00e9e sur la plage d\u2019Hermanville-sur-mer.\" \/>\n<meta name=\"robots\" content=\"index, follow, max-snippet:-1, max-image-preview:large, max-video-preview:-1\" \/>\n<link rel=\"canonical\" href=\"https:\/\/cvlh14.fr\/\" \/>\n<meta property=\"og:locale\" content=\"fr_FR\" \/>\n<meta property=\"og:type\" content=\"article\" \/>\n<meta property=\"og:title\" content=\"ACCUEIL - C.V.L.H.\" \/>\n<meta property=\"og:description\" content=\"Situ\u00e9 en\u00a0Normandie \u00e0 15 kms au Nord de Caen, le CVLH vous propose ses activit\u00e9s toute l&#039;ann\u00e9e sur la plage d\u2019Hermanville-sur-mer.\" \/>\n<meta property=\"og:url\" content=\"https:\/\/cvlh14.fr\/\" \/>\n<meta property=\"og:site_name\" content=\"C.V.L.H.\" \/>\n<meta property=\"article:publisher\" content=\"https:\/\/www.facebook.com\/Club-de-Voile-et-Loisirs-dHermanville-sur-mer-217503885002723\/\" \/>\n<meta property=\"article:modified_time\" content=\"2024-12-10T10:05:37+00:00\" \/>\n<meta property=\"og:image\" content=\"https:\/\/cvlh14.fr\/wp-content\/uploads\/2021\/10\/DwFa2CcX0AAhlyn-1024x768.jpg\" \/>\n<meta name=\"twitter:card\" content=\"summary_large_image\" \/>\n<meta name=\"twitter:label1\" content=\"Dur\u00e9e de lecture estim\u00e9e\" \/>\n\t<meta name=\"twitter:data1\" content=\"2 minutes\" \/>\n<script type=\"application\/ld+json\" class=\"yoast-schema-graph\">{\"@context\":\"https:\\\/\\\/schema.org\",\"@graph\":[{\"@type\":\"WebPage\",\"@id\":\"https:\\\/\\\/cvlh14.fr\\\/\",\"url\":\"https:\\\/\\\/cvlh14.fr\\\/\",\"name\":\"ACCUEIL - C.V.L.H.\",\"isPartOf\":{\"@id\":\"https:\\\/\\\/cvlh14.fr\\\/#website\"},\"primaryImageOfPage\":{\"@id\":\"https:\\\/\\\/cvlh14.fr\\\/#primaryimage\"},\"image\":{\"@id\":\"https:\\\/\\\/cvlh14.fr\\\/#primaryimage\"},\"thumbnailUrl\":\"https:\\\/\\\/cvlh14.fr\\\/wp-content\\\/uploads\\\/2021\\\/10\\\/DwFa2CcX0AAhlyn-1024x768.jpg\",\"datePublished\":\"2021-03-19T17:23:54+00:00\",\"dateModified\":\"2024-12-10T10:05:37+00:00\",\"description\":\"Situ\u00e9 en\u00a0Normandie \u00e0 15 kms au Nord de Caen, le CVLH vous propose ses activit\u00e9s toute l'ann\u00e9e sur la plage d\u2019Hermanville-sur-mer.\",\"breadcrumb\":{\"@id\":\"https:\\\/\\\/cvlh14.fr\\\/#breadcrumb\"},\"inLanguage\":\"fr-FR\",\"potentialAction\":[{\"@type\":\"ReadAction\",\"target\":[\"https:\\\/\\\/cvlh14.fr\\\/\"]}]},{\"@type\":\"ImageObject\",\"inLanguage\":\"fr-FR\",\"@id\":\"https:\\\/\\\/cvlh14.fr\\\/#primaryimage\",\"url\":\"https:\\\/\\\/cvlh14.fr\\\/wp-content\\\/uploads\\\/2021\\\/10\\\/DwFa2CcX0AAhlyn.jpg\",\"contentUrl\":\"https:\\\/\\\/cvlh14.fr\\\/wp-content\\\/uploads\\\/2021\\\/10\\\/DwFa2CcX0AAhlyn.jpg\",\"width\":1080,\"height\":810},{\"@type\":\"BreadcrumbList\",\"@id\":\"https:\\\/\\\/cvlh14.fr\\\/#breadcrumb\",\"itemListElement\":[{\"@type\":\"ListItem\",\"position\":1,\"name\":\"Accueil\",\"item\":\"https:\\\/\\\/cvlh14.fr\\\/\"},{\"@type\":\"ListItem\",\"position\":2,\"name\":\"ACCUEIL\"}]},{\"@type\":\"WebSite\",\"@id\":\"https:\\\/\\\/cvlh14.fr\\\/#website\",\"url\":\"https:\\\/\\\/cvlh14.fr\\\/\",\"name\":\"C.V.L.H.\",\"description\":\"Voile, Char \u00e0 Voile\",\"publisher\":{\"@id\":\"https:\\\/\\\/cvlh14.fr\\\/#organization\"},\"potentialAction\":[{\"@type\":\"SearchAction\",\"target\":{\"@type\":\"EntryPoint\",\"urlTemplate\":\"https:\\\/\\\/cvlh14.fr\\\/?s={search_term_string}\"},\"query-input\":{\"@type\":\"PropertyValueSpecification\",\"valueRequired\":true,\"valueName\":\"search_term_string\"}}],\"inLanguage\":\"fr-FR\"},{\"@type\":\"Organization\",\"@id\":\"https:\\\/\\\/cvlh14.fr\\\/#organization\",\"name\":\"CLUB DE VOILE ET LOISIRS HERMANVILLE\",\"url\":\"https:\\\/\\\/cvlh14.fr\\\/\",\"logo\":{\"@type\":\"ImageObject\",\"inLanguage\":\"fr-FR\",\"@id\":\"https:\\\/\\\/cvlh14.fr\\\/#\\\/schema\\\/logo\\\/image\\\/\",\"url\":\"https:\\\/\\\/cvlh14.fr\\\/wp-content\\\/uploads\\\/2021\\\/03\\\/cropped-cropped-logoNew-1-2.png\",\"contentUrl\":\"https:\\\/\\\/cvlh14.fr\\\/wp-content\\\/uploads\\\/2021\\\/03\\\/cropped-cropped-logoNew-1-2.png\",\"width\":493,\"height\":456,\"caption\":\"CLUB DE VOILE ET LOISIRS HERMANVILLE\"},\"image\":{\"@id\":\"https:\\\/\\\/cvlh14.fr\\\/#\\\/schema\\\/logo\\\/image\\\/\"},\"sameAs\":[\"https:\\\/\\\/www.facebook.com\\\/Club-de-Voile-et-Loisirs-dHermanville-sur-mer-217503885002723\\\/\",\"https:\\\/\\\/www.instagram.com\\\/cvlhermanville\\\/\"]}]}<\/script>\n<!-- \/ Yoast SEO plugin. -->","yoast_head_json":{"title":"ACCUEIL - C.V.L.H.","description":"Situ\u00e9 en\u00a0Normandie \u00e0 15 kms au Nord de Caen, le CVLH vous propose ses activit\u00e9s toute l'ann\u00e9e sur la plage d\u2019Hermanville-sur-mer.","robots":{"index":"index","follow":"follow","max-snippet":"max-snippet:-1","max-image-preview":"max-image-preview:large","max-video-preview":"max-video-preview:-1"},"canonical":"https:\/\/cvlh14.fr\/","og_locale":"fr_FR","og_type":"article","og_title":"ACCUEIL - C.V.L.H.","og_description":"Situ\u00e9 en\u00a0Normandie \u00e0 15 kms au Nord de Caen, le CVLH vous propose ses activit\u00e9s toute l'ann\u00e9e sur la plage d\u2019Hermanville-sur-mer.","og_url":"https:\/\/cvlh14.fr\/","og_site_name":"C.V.L.H.","article_publisher":"https:\/\/www.facebook.com\/Club-de-Voile-et-Loisirs-dHermanville-sur-mer-217503885002723\/","article_modified_time":"2024-12-10T10:05:37+00:00","og_image":[{"url":"https:\/\/cvlh14.fr\/wp-content\/uploads\/2021\/10\/DwFa2CcX0AAhlyn-1024x768.jpg","type":"","width":"","height":""}],"twitter_card":"summary_large_image","twitter_misc":{"Dur\u00e9e de lecture estim\u00e9e":"2 minutes"},"schema":{"@context":"https:\/\/schema.org","@graph":[{"@type":"WebPage","@id":"https:\/\/cvlh14.fr\/","url":"https:\/\/cvlh14.fr\/","name":"ACCUEIL - C.V.L.H.","isPartOf":{"@id":"https:\/\/cvlh14.fr\/#website"},"primaryImageOfPage":{"@id":"https:\/\/cvlh14.fr\/#primaryimage"},"image":{"@id":"https:\/\/cvlh14.fr\/#primaryimage"},"thumbnailUrl":"https:\/\/cvlh14.fr\/wp-content\/uploads\/2021\/10\/DwFa2CcX0AAhlyn-1024x768.jpg","datePublished":"2021-03-19T17:23:54+00:00","dateModified":"2024-12-10T10:05:37+00:00","description":"Situ\u00e9 en\u00a0Normandie \u00e0 15 kms au Nord de Caen, le CVLH vous propose ses activit\u00e9s toute l'ann\u00e9e sur la plage d\u2019Hermanville-sur-mer.","breadcrumb":{"@id":"https:\/\/cvlh14.fr\/#breadcrumb"},"inLanguage":"fr-FR","potentialAction":[{"@type":"ReadAction","target":["https:\/\/cvlh14.fr\/"]}]},{"@type":"ImageObject","inLanguage":"fr-FR","@id":"https:\/\/cvlh14.fr\/#primaryimage","url":"https:\/\/cvlh14.fr\/wp-content\/uploads\/2021\/10\/DwFa2CcX0AAhlyn.jpg","contentUrl":"https:\/\/cvlh14.fr\/wp-content\/uploads\/2021\/10\/DwFa2CcX0AAhlyn.jpg","width":1080,"height":810},{"@type":"BreadcrumbList","@id":"https:\/\/cvlh14.fr\/#breadcrumb","itemListElement":[{"@type":"ListItem","position":1,"name":"Accueil","item":"https:\/\/cvlh14.fr\/"},{"@type":"ListItem","position":2,"name":"ACCUEIL"}]},{"@type":"WebSite","@id":"https:\/\/cvlh14.fr\/#website","url":"https:\/\/cvlh14.fr\/","name":"C.V.L.H.","description":"Voile, Char \u00e0 Voile","publisher":{"@id":"https:\/\/cvlh14.fr\/#organization"},"potentialAction":[{"@type":"SearchAction","target":{"@type":"EntryPoint","urlTemplate":"https:\/\/cvlh14.fr\/?s={search_term_string}"},"query-input":{"@type":"PropertyValueSpecification","valueRequired":true,"valueName":"search_term_string"}}],"inLanguage":"fr-FR"},{"@type":"Organization","@id":"https:\/\/cvlh14.fr\/#organization","name":"CLUB DE VOILE ET LOISIRS HERMANVILLE","url":"https:\/\/cvlh14.fr\/","logo":{"@type":"ImageObject","inLanguage":"fr-FR","@id":"https:\/\/cvlh14.fr\/#\/schema\/logo\/image\/","url":"https:\/\/cvlh14.fr\/wp-content\/uploads\/2021\/03\/cropped-cropped-logoNew-1-2.png","contentUrl":"https:\/\/cvlh14.fr\/wp-content\/uploads\/2021\/03\/cropped-cropped-logoNew-1-2.png","width":493,"height":456,"caption":"CLUB DE VOILE ET LOISIRS HERMANVILLE"},"image":{"@id":"https:\/\/cvlh14.fr\/#\/schema\/logo\/image\/"},"sameAs":["https:\/\/www.facebook.com\/Club-de-Voile-et-Loisirs-dHermanville-sur-mer-217503885002723\/","https:\/\/www.instagram.com\/cvlhermanville\/"]}]}},"jetpack_sharing_enabled":true,"_links":{"self":[{"href":"https:\/\/cvlh14.fr\/index.php?rest_route=\/wp\/v2\/pages\/33","targetHints":{"allow":["GET"]}}],"collection":[{"href":"https:\/\/cvlh14.fr\/index.php?rest_route=\/wp\/v2\/pages"}],"about":[{"href":"https:\/\/cvlh14.fr\/index.php?rest_route=\/wp\/v2\/types\/page"}],"author":[{"embeddable":true,"href":"https:\/\/cvlh14.fr\/index.php?rest_route=\/wp\/v2\/users\/1"}],"replies":[{"embeddable":true,"href":"https:\/\/cvlh14.fr\/index.php?rest_route=%2Fwp%2Fv2%2Fcomments&post=33"}],"version-history":[{"count":88,"href":"https:\/\/cvlh14.fr\/index.php?rest_route=\/wp\/v2\/pages\/33\/revisions"}],"predecessor-version":[{"id":1360,"href":"https:\/\/cvlh14.fr\/index.php?rest_route=\/wp\/v2\/pages\/33\/revisions\/1360"}],"wp:attachment":[{"href":"https:\/\/cvlh14.fr\/index.php?rest_route=%2Fwp%2Fv2%2Fmedia&parent=33"}],"curies":[{"name":"wp","href":"https:\/\/api.w.org\/{rel}","templated":true}]}}