{"id":261,"date":"2021-05-03T17:29:25","date_gmt":"2021-05-03T15:29:25","guid":{"rendered":"https:\/\/new.cvlh14.fr\/?page_id=261"},"modified":"2025-11-15T11:09:22","modified_gmt":"2025-11-15T10:09:22","slug":"environnement","status":"publish","type":"page","link":"https:\/\/cvlh14.fr\/?page_id=261","title":{"rendered":"ENVIRONNEMENT"},"content":{"rendered":"\n<div class=\"wp-block-columns are-vertically-aligned-center is-layout-flex wp-container-core-columns-is-layout-28f84493 wp-block-columns-is-layout-flex\">\n<div class=\"wp-block-column is-vertically-aligned-center is-layout-flow wp-block-column-is-layout-flow\" style=\"flex-basis:33.33%\">\n<figure class=\"wp-block-image size-large is-style-default\"><img loading=\"lazy\" decoding=\"async\" width=\"1024\" height=\"768\" src=\"https:\/\/new.cvlh14.fr\/wp-content\/uploads\/2021\/10\/122000673_3364572826962464_5986138603664033318_n-1024x768.jpg\" alt=\"\" class=\"wp-image-625\" srcset=\"https:\/\/cvlh14.fr\/wp-content\/uploads\/2021\/10\/122000673_3364572826962464_5986138603664033318_n-1024x768.jpg 1024w, https:\/\/cvlh14.fr\/wp-content\/uploads\/2021\/10\/122000673_3364572826962464_5986138603664033318_n-300x225.jpg 300w, https:\/\/cvlh14.fr\/wp-content\/uploads\/2021\/10\/122000673_3364572826962464_5986138603664033318_n-768x576.jpg 768w, https:\/\/cvlh14.fr\/wp-content\/uploads\/2021\/10\/122000673_3364572826962464_5986138603664033318_n-1536x1152.jpg 1536w, https:\/\/cvlh14.fr\/wp-content\/uploads\/2021\/10\/122000673_3364572826962464_5986138603664033318_n.jpg 1944w\" sizes=\"auto, (max-width: 1024px) 100vw, 1024px\" \/><\/figure>\n<\/div>\n\n\n\n<div class=\"wp-block-column is-vertically-aligned-center is-layout-flow wp-block-column-is-layout-flow\" style=\"flex-basis:66.66%\">\n<p><strong>A partir de 6 ans<\/strong>, venez d\u00e9couvrir la plage autrement ! <br>En fonction des mar\u00e9es, votre moniteur vous emm\u00e8nera sur le terrain observer la faune et la flore de notre littoral et ses enjeux \u00e9cologiques.<br>Des ateliers \u00e0 th\u00e8mes sont propos\u00e9s sur la plage ou en salle : scientifiques, ludiques ou environnementaux (p\u00eache \u00e0 pied, laisse de mer, land-art, n\u0153uds marins, vent et mar\u00e9e, &#8230; ).  <br>La dur\u00e9e d&rsquo;une s\u00e9ance est de <strong>1h30<\/strong>. <\/p>\n<\/div>\n<\/div>\n\n\n\n<div style=\"height:25px\" aria-hidden=\"true\" class=\"wp-block-spacer\"><\/div>\n\n\n\n<div class=\"wp-block-columns are-vertically-aligned-center is-layout-flex wp-container-core-columns-is-layout-28f84493 wp-block-columns-is-layout-flex\">\n<div class=\"wp-block-column is-vertically-aligned-center is-layout-flow wp-block-column-is-layout-flow\" style=\"flex-basis:66.66%\">\n<figure class=\"wp-block-table is-style-stripes\"><table class=\"has-fixed-layout\"><tbody><tr><td class=\"has-text-align-center\" data-align=\"center\"><\/td><td class=\"has-text-align-center\" data-align=\"center\"><strong>Tarifs<\/strong> 2026<\/td><\/tr><tr><td class=\"has-text-align-center\" data-align=\"center\">Un atelier de 1h30<\/td><td class=\"has-text-align-center\" data-align=\"center\">10 \u20ac<\/td><\/tr><\/tbody><\/table><\/figure>\n<\/div>\n\n\n\n<div class=\"wp-block-column is-vertically-aligned-center is-layout-flow wp-block-column-is-layout-flow\" style=\"flex-basis:33.33%\"><div class=\"wp-block-image is-style-default\">\n<figure class=\"aligncenter size-large\"><img decoding=\"async\" src=\"https:\/\/cvlh14.fr\/wp-content\/uploads\/2021\/10\/194711226_3986846128068461_1607004780615223127_n-1024x768.jpg\" alt=\"\"\/><\/figure>\n<\/div><\/div>\n<\/div>\n\n\n\n<p><strong><a href=\"https:\/\/cvlh14.fr\/wp-content\/uploads\/2024\/02\/EQUIPEMENTS-A-PREVOIRE.png\" target=\"_blank\" rel=\"noreferrer noopener\">\u00c9quipements<\/a> :<br><\/strong>Chaussures ferm\u00e9es et v\u00eatements adapt\u00e9s \u00e0 la m\u00e9t\u00e9o.<\/p>\n\n\n\n<div style=\"height:25px\" aria-hidden=\"true\" class=\"wp-block-spacer\"><\/div>\n\n\n\n<div class=\"wp-block-buttons is-content-justification-center is-layout-flex wp-container-core-buttons-is-layout-a89b3969 wp-block-buttons-is-layout-flex\">\n<div class=\"wp-block-button has-custom-width wp-block-button__width-100\"><a class=\"wp-block-button__link has-black-color has-accent-background-color has-text-color has-background has-medium-font-size has-custom-font-size wp-element-button\" href=\"https:\/\/hermanville.axyomes.com\/client\/2-1.php?stagetype=5\"><strong>R\u00c9SERVATION ET PLANNING EN LIGNE<\/strong><\/a><\/div>\n<\/div>\n\n\n\n<div style=\"height:25px\" aria-hidden=\"true\" class=\"wp-block-spacer\"><\/div>\n\n\n\n<p class=\"has-black-color has-text-color\"><strong>Nous <a href=\"https:\/\/cvlh14.fr\/?page_id=34\">contacter <\/a>pour toute demande sp\u00e9cifique ou information compl\u00e9mentaire.<\/strong>  <\/p>\n\n\n\n<p>T\u00e9l\u00e9chargez au format PDF : <a href=\"https:\/\/cvlh14.fr\/wp-content\/uploads\/2024\/02\/EQUIPEMENTS-A-PREVOIRE.png\" target=\"_blank\" rel=\"noreferrer noopener\">Equipements \u00e0 pr\u00e9voir<\/a><\/p>\n","protected":false},"excerpt":{"rendered":"<p>A partir de 6 ans, venez d\u00e9couvrir la plage autrement ! En fonction des mar\u00e9es, votre moniteur vous emm\u00e8nera sur le terrain observer la faune et la flore de notre littoral et ses enjeux \u00e9cologiques.Des ateliers \u00e0 th\u00e8mes sont propos\u00e9s sur la plage ou en salle : scientifiques, ludiques ou [&hellip;]<\/p>\n","protected":false},"author":1,"featured_media":581,"parent":0,"menu_order":0,"comment_status":"closed","ping_status":"closed","template":"","meta":{"_monsterinsights_skip_tracking":false,"_monsterinsights_sitenote_active":false,"_monsterinsights_sitenote_note":"","_monsterinsights_sitenote_category":0,"footnotes":""},"class_list":["post-261","page","type-page","status-publish","has-post-thumbnail","hentry"],"yoast_head":"<!-- This site is optimized with the Yoast SEO plugin v27.5 - https:\/\/yoast.com\/product\/yoast-seo-wordpress\/ -->\n<title>ENVIRONNEMENT - C.V.L.H.<\/title>\n<meta name=\"robots\" content=\"index, follow, max-snippet:-1, max-image-preview:large, max-video-preview:-1\" \/>\n<link rel=\"canonical\" href=\"https:\/\/cvlh14.fr\/?page_id=261\" \/>\n<meta property=\"og:locale\" content=\"fr_FR\" \/>\n<meta property=\"og:type\" content=\"article\" \/>\n<meta property=\"og:title\" content=\"ENVIRONNEMENT - C.V.L.H.\" \/>\n<meta property=\"og:description\" content=\"A partir de 6 ans, venez d\u00e9couvrir la plage autrement ! En fonction des mar\u00e9es, votre moniteur vous emm\u00e8nera sur le terrain observer la faune et la flore de notre littoral et ses enjeux \u00e9cologiques.Des ateliers \u00e0 th\u00e8mes sont propos\u00e9s sur la plage ou en salle : scientifiques, ludiques ou [&hellip;]\" \/>\n<meta property=\"og:url\" content=\"https:\/\/cvlh14.fr\/?page_id=261\" \/>\n<meta property=\"og:site_name\" content=\"C.V.L.H.\" \/>\n<meta property=\"article:publisher\" content=\"https:\/\/www.facebook.com\/Club-de-Voile-et-Loisirs-dHermanville-sur-mer-217503885002723\/\" \/>\n<meta property=\"article:modified_time\" content=\"2025-11-15T10:09:22+00:00\" \/>\n<meta property=\"og:image\" content=\"https:\/\/cvlh14.fr\/wp-content\/uploads\/2021\/10\/DSC_2489-min-scaled.jpg\" \/>\n\t<meta property=\"og:image:width\" content=\"2560\" \/>\n\t<meta property=\"og:image:height\" content=\"1920\" \/>\n\t<meta property=\"og:image:type\" content=\"image\/jpeg\" \/>\n<meta name=\"twitter:card\" content=\"summary_large_image\" \/>\n<meta name=\"twitter:label1\" content=\"Dur\u00e9e de lecture estim\u00e9e\" \/>\n\t<meta name=\"twitter:data1\" content=\"1 minute\" \/>\n<script type=\"application\/ld+json\" class=\"yoast-schema-graph\">{\"@context\":\"https:\\\/\\\/schema.org\",\"@graph\":[{\"@type\":\"WebPage\",\"@id\":\"https:\\\/\\\/cvlh14.fr\\\/?page_id=261\",\"url\":\"https:\\\/\\\/cvlh14.fr\\\/?page_id=261\",\"name\":\"ENVIRONNEMENT - C.V.L.H.\",\"isPartOf\":{\"@id\":\"https:\\\/\\\/cvlh14.fr\\\/#website\"},\"primaryImageOfPage\":{\"@id\":\"https:\\\/\\\/cvlh14.fr\\\/?page_id=261#primaryimage\"},\"image\":{\"@id\":\"https:\\\/\\\/cvlh14.fr\\\/?page_id=261#primaryimage\"},\"thumbnailUrl\":\"https:\\\/\\\/cvlh14.fr\\\/wp-content\\\/uploads\\\/2021\\\/10\\\/DSC_2489-min-scaled.jpg\",\"datePublished\":\"2021-05-03T15:29:25+00:00\",\"dateModified\":\"2025-11-15T10:09:22+00:00\",\"breadcrumb\":{\"@id\":\"https:\\\/\\\/cvlh14.fr\\\/?page_id=261#breadcrumb\"},\"inLanguage\":\"fr-FR\",\"potentialAction\":[{\"@type\":\"ReadAction\",\"target\":[\"https:\\\/\\\/cvlh14.fr\\\/?page_id=261\"]}]},{\"@type\":\"ImageObject\",\"inLanguage\":\"fr-FR\",\"@id\":\"https:\\\/\\\/cvlh14.fr\\\/?page_id=261#primaryimage\",\"url\":\"https:\\\/\\\/cvlh14.fr\\\/wp-content\\\/uploads\\\/2021\\\/10\\\/DSC_2489-min-scaled.jpg\",\"contentUrl\":\"https:\\\/\\\/cvlh14.fr\\\/wp-content\\\/uploads\\\/2021\\\/10\\\/DSC_2489-min-scaled.jpg\",\"width\":2560,\"height\":1920},{\"@type\":\"BreadcrumbList\",\"@id\":\"https:\\\/\\\/cvlh14.fr\\\/?page_id=261#breadcrumb\",\"itemListElement\":[{\"@type\":\"ListItem\",\"position\":1,\"name\":\"Accueil\",\"item\":\"https:\\\/\\\/cvlh14.fr\\\/\"},{\"@type\":\"ListItem\",\"position\":2,\"name\":\"ENVIRONNEMENT\"}]},{\"@type\":\"WebSite\",\"@id\":\"https:\\\/\\\/cvlh14.fr\\\/#website\",\"url\":\"https:\\\/\\\/cvlh14.fr\\\/\",\"name\":\"C.V.L.H.\",\"description\":\"Voile, Char \u00e0 Voile\",\"publisher\":{\"@id\":\"https:\\\/\\\/cvlh14.fr\\\/#organization\"},\"potentialAction\":[{\"@type\":\"SearchAction\",\"target\":{\"@type\":\"EntryPoint\",\"urlTemplate\":\"https:\\\/\\\/cvlh14.fr\\\/?s={search_term_string}\"},\"query-input\":{\"@type\":\"PropertyValueSpecification\",\"valueRequired\":true,\"valueName\":\"search_term_string\"}}],\"inLanguage\":\"fr-FR\"},{\"@type\":\"Organization\",\"@id\":\"https:\\\/\\\/cvlh14.fr\\\/#organization\",\"name\":\"CLUB DE VOILE ET LOISIRS HERMANVILLE\",\"url\":\"https:\\\/\\\/cvlh14.fr\\\/\",\"logo\":{\"@type\":\"ImageObject\",\"inLanguage\":\"fr-FR\",\"@id\":\"https:\\\/\\\/cvlh14.fr\\\/#\\\/schema\\\/logo\\\/image\\\/\",\"url\":\"https:\\\/\\\/cvlh14.fr\\\/wp-content\\\/uploads\\\/2021\\\/03\\\/cropped-cropped-logoNew-1-2.png\",\"contentUrl\":\"https:\\\/\\\/cvlh14.fr\\\/wp-content\\\/uploads\\\/2021\\\/03\\\/cropped-cropped-logoNew-1-2.png\",\"width\":493,\"height\":456,\"caption\":\"CLUB DE VOILE ET LOISIRS HERMANVILLE\"},\"image\":{\"@id\":\"https:\\\/\\\/cvlh14.fr\\\/#\\\/schema\\\/logo\\\/image\\\/\"},\"sameAs\":[\"https:\\\/\\\/www.facebook.com\\\/Club-de-Voile-et-Loisirs-dHermanville-sur-mer-217503885002723\\\/\",\"https:\\\/\\\/www.instagram.com\\\/cvlhermanville\\\/\"]}]}<\/script>\n<!-- \/ Yoast SEO plugin. -->","yoast_head_json":{"title":"ENVIRONNEMENT - C.V.L.H.","robots":{"index":"index","follow":"follow","max-snippet":"max-snippet:-1","max-image-preview":"max-image-preview:large","max-video-preview":"max-video-preview:-1"},"canonical":"https:\/\/cvlh14.fr\/?page_id=261","og_locale":"fr_FR","og_type":"article","og_title":"ENVIRONNEMENT - C.V.L.H.","og_description":"A partir de 6 ans, venez d\u00e9couvrir la plage autrement ! En fonction des mar\u00e9es, votre moniteur vous emm\u00e8nera sur le terrain observer la faune et la flore de notre littoral et ses enjeux \u00e9cologiques.Des ateliers \u00e0 th\u00e8mes sont propos\u00e9s sur la plage ou en salle : scientifiques, ludiques ou [&hellip;]","og_url":"https:\/\/cvlh14.fr\/?page_id=261","og_site_name":"C.V.L.H.","article_publisher":"https:\/\/www.facebook.com\/Club-de-Voile-et-Loisirs-dHermanville-sur-mer-217503885002723\/","article_modified_time":"2025-11-15T10:09:22+00:00","og_image":[{"width":2560,"height":1920,"url":"https:\/\/cvlh14.fr\/wp-content\/uploads\/2021\/10\/DSC_2489-min-scaled.jpg","type":"image\/jpeg"}],"twitter_card":"summary_large_image","twitter_misc":{"Dur\u00e9e de lecture estim\u00e9e":"1 minute"},"schema":{"@context":"https:\/\/schema.org","@graph":[{"@type":"WebPage","@id":"https:\/\/cvlh14.fr\/?page_id=261","url":"https:\/\/cvlh14.fr\/?page_id=261","name":"ENVIRONNEMENT - C.V.L.H.","isPartOf":{"@id":"https:\/\/cvlh14.fr\/#website"},"primaryImageOfPage":{"@id":"https:\/\/cvlh14.fr\/?page_id=261#primaryimage"},"image":{"@id":"https:\/\/cvlh14.fr\/?page_id=261#primaryimage"},"thumbnailUrl":"https:\/\/cvlh14.fr\/wp-content\/uploads\/2021\/10\/DSC_2489-min-scaled.jpg","datePublished":"2021-05-03T15:29:25+00:00","dateModified":"2025-11-15T10:09:22+00:00","breadcrumb":{"@id":"https:\/\/cvlh14.fr\/?page_id=261#breadcrumb"},"inLanguage":"fr-FR","potentialAction":[{"@type":"ReadAction","target":["https:\/\/cvlh14.fr\/?page_id=261"]}]},{"@type":"ImageObject","inLanguage":"fr-FR","@id":"https:\/\/cvlh14.fr\/?page_id=261#primaryimage","url":"https:\/\/cvlh14.fr\/wp-content\/uploads\/2021\/10\/DSC_2489-min-scaled.jpg","contentUrl":"https:\/\/cvlh14.fr\/wp-content\/uploads\/2021\/10\/DSC_2489-min-scaled.jpg","width":2560,"height":1920},{"@type":"BreadcrumbList","@id":"https:\/\/cvlh14.fr\/?page_id=261#breadcrumb","itemListElement":[{"@type":"ListItem","position":1,"name":"Accueil","item":"https:\/\/cvlh14.fr\/"},{"@type":"ListItem","position":2,"name":"ENVIRONNEMENT"}]},{"@type":"WebSite","@id":"https:\/\/cvlh14.fr\/#website","url":"https:\/\/cvlh14.fr\/","name":"C.V.L.H.","description":"Voile, Char \u00e0 Voile","publisher":{"@id":"https:\/\/cvlh14.fr\/#organization"},"potentialAction":[{"@type":"SearchAction","target":{"@type":"EntryPoint","urlTemplate":"https:\/\/cvlh14.fr\/?s={search_term_string}"},"query-input":{"@type":"PropertyValueSpecification","valueRequired":true,"valueName":"search_term_string"}}],"inLanguage":"fr-FR"},{"@type":"Organization","@id":"https:\/\/cvlh14.fr\/#organization","name":"CLUB DE VOILE ET LOISIRS HERMANVILLE","url":"https:\/\/cvlh14.fr\/","logo":{"@type":"ImageObject","inLanguage":"fr-FR","@id":"https:\/\/cvlh14.fr\/#\/schema\/logo\/image\/","url":"https:\/\/cvlh14.fr\/wp-content\/uploads\/2021\/03\/cropped-cropped-logoNew-1-2.png","contentUrl":"https:\/\/cvlh14.fr\/wp-content\/uploads\/2021\/03\/cropped-cropped-logoNew-1-2.png","width":493,"height":456,"caption":"CLUB DE VOILE ET LOISIRS HERMANVILLE"},"image":{"@id":"https:\/\/cvlh14.fr\/#\/schema\/logo\/image\/"},"sameAs":["https:\/\/www.facebook.com\/Club-de-Voile-et-Loisirs-dHermanville-sur-mer-217503885002723\/","https:\/\/www.instagram.com\/cvlhermanville\/"]}]}},"jetpack_sharing_enabled":true,"_links":{"self":[{"href":"https:\/\/cvlh14.fr\/index.php?rest_route=\/wp\/v2\/pages\/261","targetHints":{"allow":["GET"]}}],"collection":[{"href":"https:\/\/cvlh14.fr\/index.php?rest_route=\/wp\/v2\/pages"}],"about":[{"href":"https:\/\/cvlh14.fr\/index.php?rest_route=\/wp\/v2\/types\/page"}],"author":[{"embeddable":true,"href":"https:\/\/cvlh14.fr\/index.php?rest_route=\/wp\/v2\/users\/1"}],"replies":[{"embeddable":true,"href":"https:\/\/cvlh14.fr\/index.php?rest_route=%2Fwp%2Fv2%2Fcomments&post=261"}],"version-history":[{"count":54,"href":"https:\/\/cvlh14.fr\/index.php?rest_route=\/wp\/v2\/pages\/261\/revisions"}],"predecessor-version":[{"id":1403,"href":"https:\/\/cvlh14.fr\/index.php?rest_route=\/wp\/v2\/pages\/261\/revisions\/1403"}],"wp:featuredmedia":[{"embeddable":true,"href":"https:\/\/cvlh14.fr\/index.php?rest_route=\/wp\/v2\/media\/581"}],"wp:attachment":[{"href":"https:\/\/cvlh14.fr\/index.php?rest_route=%2Fwp%2Fv2%2Fmedia&parent=261"}],"curies":[{"name":"wp","href":"https:\/\/api.w.org\/{rel}","templated":true}]}}