{"id":118,"date":"2021-03-27T20:40:40","date_gmt":"2021-03-27T19:40:40","guid":{"rendered":"https:\/\/new.cvlh14.fr\/?page_id=118"},"modified":"2021-10-27T22:46:03","modified_gmt":"2021-10-27T20:46:03","slug":"patrimoine","status":"publish","type":"page","link":"https:\/\/cvlh14.fr\/?page_id=118","title":{"rendered":"AUTOUR DE NOUS"},"content":{"rendered":"\n<h2 class=\"wp-block-heading\">A d\u00e9couvrir \u00e0 Hermanville-sur-Mer<\/h2>\n\n\n\n<div class=\"wp-block-columns is-layout-flex wp-container-core-columns-is-layout-28f84493 wp-block-columns-is-layout-flex\">\n<div class=\"wp-block-column is-layout-flow wp-block-column-is-layout-flow\">\n<div class=\"wp-block-image\"><figure class=\"aligncenter size-large\"><a href=\"https:\/\/www.hermanvillesurmer.fr\/Histoire-Patrimoine_r24.html\" target=\"_blank\" rel=\"noopener\"><img decoding=\"async\" src=\"https:\/\/cvlh14.fr\/wp-content\/uploads\/2021\/10\/dsc08339-1024x576.jpg\" alt=\"\"\/><\/a><figcaption>Les villas du front de mer<\/figcaption><\/figure><\/div>\n<\/div>\n\n\n\n<div class=\"wp-block-column is-layout-flow wp-block-column-is-layout-flow\">\n<div class=\"wp-block-image\"><figure class=\"aligncenter size-large\"><a href=\"https:\/\/www.hermanvillesurmer.fr\/Histoire-Patrimoine_r24.html\" target=\"_blank\" rel=\"noopener\"><img decoding=\"async\" src=\"https:\/\/cvlh14.fr\/wp-content\/uploads\/2021\/10\/index.jpg\" alt=\"\"\/><\/a><figcaption>Le cimeti\u00e8re Anglais<\/figcaption><\/figure><\/div>\n<\/div>\n\n\n\n<div class=\"wp-block-column is-layout-flow wp-block-column-is-layout-flow\">\n<div class=\"wp-block-image\"><figure class=\"aligncenter size-large\"><a href=\"https:\/\/www.hermanvillesurmer.fr\/Histoire-Patrimoine_r24.html\" target=\"_blank\" rel=\"noopener\"><img decoding=\"async\" src=\"https:\/\/cvlh14.fr\/wp-content\/uploads\/2021\/10\/dsc08317-1024x576.jpg\" alt=\"\"\/><\/a><figcaption>La place du Courbet<\/figcaption><\/figure><\/div>\n<\/div>\n<\/div>\n\n\n\n<h2 class=\"wp-block-heading\">H\u00e9bergement \u00e0 proximit\u00e9<\/h2>\n\n\n\n<div class=\"wp-block-columns is-layout-flex wp-container-core-columns-is-layout-28f84493 wp-block-columns-is-layout-flex\">\n<div class=\"wp-block-column is-layout-flow wp-block-column-is-layout-flow\">\n<div class=\"wp-block-image\"><figure class=\"aligncenter size-large\"><a href=\"https:\/\/www.uncmt.fr\/centres-accueil\/\" target=\"_blank\" rel=\"noopener\"><img decoding=\"async\" src=\"https:\/\/cvlh14.fr\/wp-content\/uploads\/2021\/10\/22-2.jpg\" alt=\"\"\/><\/a><figcaption>H\u00e9bergement collectif U.N.C.M.T. <\/figcaption><\/figure><\/div>\n<\/div>\n\n\n\n<div class=\"wp-block-column is-layout-flow wp-block-column-is-layout-flow\">\n<div class=\"wp-block-image\"><figure class=\"aligncenter size-large\"><a href=\"https:\/\/www.capfun.com\/camping-france-basse_normandie-citadelle_de_loustic-FR.html\" target=\"_blank\" rel=\"noopener\"><img decoding=\"async\" src=\"https:\/\/cvlh14.fr\/wp-content\/uploads\/2021\/10\/image.jpg\" alt=\"\"\/><\/a><figcaption>Camping<\/figcaption><\/figure><\/div>\n<\/div>\n\n\n\n<div class=\"wp-block-column is-layout-flow wp-block-column-is-layout-flow\">\n<div class=\"wp-block-image\"><figure class=\"aligncenter size-large\"><a href=\"https:\/\/www.caenlamer-tourisme.fr\/manger-dormir\/dormir\/chambres-dhotes\/\" target=\"_blank\" rel=\"noopener\"><img decoding=\"async\" src=\"https:\/\/cvlh14.fr\/wp-content\/uploads\/2021\/10\/unnamed-edited.jpg\" alt=\"\"\/><\/a><figcaption>Chambre d&rsquo;h\u00f4tes<\/figcaption><\/figure><\/div>\n<\/div>\n<\/div>\n\n\n\n<p><\/p>\n","protected":false},"excerpt":{"rendered":"<p>A d\u00e9couvrir \u00e0 Hermanville-sur-Mer H\u00e9bergement \u00e0 proximit\u00e9<\/p>\n","protected":false},"author":1,"featured_media":0,"parent":0,"menu_order":0,"comment_status":"closed","ping_status":"closed","template":"","meta":{"_monsterinsights_skip_tracking":false,"_monsterinsights_sitenote_active":false,"_monsterinsights_sitenote_note":"","_monsterinsights_sitenote_category":0,"footnotes":""},"class_list":["post-118","page","type-page","status-publish","hentry"],"yoast_head":"<!-- This site is optimized with the Yoast SEO plugin v27.4 - https:\/\/yoast.com\/product\/yoast-seo-wordpress\/ -->\n<title>AUTOUR DE NOUS - C.V.L.H.<\/title>\n<meta name=\"robots\" content=\"index, follow, max-snippet:-1, max-image-preview:large, max-video-preview:-1\" \/>\n<link rel=\"canonical\" href=\"https:\/\/cvlh14.fr\/?page_id=118\" \/>\n<meta property=\"og:locale\" content=\"fr_FR\" \/>\n<meta property=\"og:type\" content=\"article\" \/>\n<meta property=\"og:title\" content=\"AUTOUR DE NOUS - C.V.L.H.\" \/>\n<meta property=\"og:description\" content=\"A d\u00e9couvrir \u00e0 Hermanville-sur-Mer H\u00e9bergement \u00e0 proximit\u00e9\" \/>\n<meta property=\"og:url\" content=\"https:\/\/cvlh14.fr\/?page_id=118\" \/>\n<meta property=\"og:site_name\" content=\"C.V.L.H.\" \/>\n<meta property=\"article:publisher\" content=\"https:\/\/www.facebook.com\/Club-de-Voile-et-Loisirs-dHermanville-sur-mer-217503885002723\/\" \/>\n<meta property=\"article:modified_time\" content=\"2021-10-27T20:46:03+00:00\" \/>\n<meta property=\"og:image\" content=\"https:\/\/cvlh14.fr\/wp-content\/uploads\/2021\/10\/dsc08339-1024x576.jpg\" \/>\n<meta name=\"twitter:card\" content=\"summary_large_image\" \/>\n<meta name=\"twitter:label1\" content=\"Dur\u00e9e de lecture estim\u00e9e\" \/>\n\t<meta name=\"twitter:data1\" content=\"2 minutes\" \/>\n<script type=\"application\/ld+json\" class=\"yoast-schema-graph\">{\"@context\":\"https:\\\/\\\/schema.org\",\"@graph\":[{\"@type\":\"WebPage\",\"@id\":\"https:\\\/\\\/cvlh14.fr\\\/?page_id=118\",\"url\":\"https:\\\/\\\/cvlh14.fr\\\/?page_id=118\",\"name\":\"AUTOUR DE NOUS - C.V.L.H.\",\"isPartOf\":{\"@id\":\"https:\\\/\\\/cvlh14.fr\\\/#website\"},\"primaryImageOfPage\":{\"@id\":\"https:\\\/\\\/cvlh14.fr\\\/?page_id=118#primaryimage\"},\"image\":{\"@id\":\"https:\\\/\\\/cvlh14.fr\\\/?page_id=118#primaryimage\"},\"thumbnailUrl\":\"https:\\\/\\\/cvlh14.fr\\\/wp-content\\\/uploads\\\/2021\\\/10\\\/dsc08339-1024x576.jpg\",\"datePublished\":\"2021-03-27T19:40:40+00:00\",\"dateModified\":\"2021-10-27T20:46:03+00:00\",\"breadcrumb\":{\"@id\":\"https:\\\/\\\/cvlh14.fr\\\/?page_id=118#breadcrumb\"},\"inLanguage\":\"fr-FR\",\"potentialAction\":[{\"@type\":\"ReadAction\",\"target\":[\"https:\\\/\\\/cvlh14.fr\\\/?page_id=118\"]}]},{\"@type\":\"ImageObject\",\"inLanguage\":\"fr-FR\",\"@id\":\"https:\\\/\\\/cvlh14.fr\\\/?page_id=118#primaryimage\",\"url\":\"https:\\\/\\\/cvlh14.fr\\\/wp-content\\\/uploads\\\/2021\\\/10\\\/dsc08339.jpg\",\"contentUrl\":\"https:\\\/\\\/cvlh14.fr\\\/wp-content\\\/uploads\\\/2021\\\/10\\\/dsc08339.jpg\",\"width\":1280,\"height\":720},{\"@type\":\"BreadcrumbList\",\"@id\":\"https:\\\/\\\/cvlh14.fr\\\/?page_id=118#breadcrumb\",\"itemListElement\":[{\"@type\":\"ListItem\",\"position\":1,\"name\":\"Accueil\",\"item\":\"https:\\\/\\\/cvlh14.fr\\\/\"},{\"@type\":\"ListItem\",\"position\":2,\"name\":\"AUTOUR DE NOUS\"}]},{\"@type\":\"WebSite\",\"@id\":\"https:\\\/\\\/cvlh14.fr\\\/#website\",\"url\":\"https:\\\/\\\/cvlh14.fr\\\/\",\"name\":\"C.V.L.H.\",\"description\":\"Voile, Char \u00e0 Voile\",\"publisher\":{\"@id\":\"https:\\\/\\\/cvlh14.fr\\\/#organization\"},\"potentialAction\":[{\"@type\":\"SearchAction\",\"target\":{\"@type\":\"EntryPoint\",\"urlTemplate\":\"https:\\\/\\\/cvlh14.fr\\\/?s={search_term_string}\"},\"query-input\":{\"@type\":\"PropertyValueSpecification\",\"valueRequired\":true,\"valueName\":\"search_term_string\"}}],\"inLanguage\":\"fr-FR\"},{\"@type\":\"Organization\",\"@id\":\"https:\\\/\\\/cvlh14.fr\\\/#organization\",\"name\":\"CLUB DE VOILE ET LOISIRS HERMANVILLE\",\"url\":\"https:\\\/\\\/cvlh14.fr\\\/\",\"logo\":{\"@type\":\"ImageObject\",\"inLanguage\":\"fr-FR\",\"@id\":\"https:\\\/\\\/cvlh14.fr\\\/#\\\/schema\\\/logo\\\/image\\\/\",\"url\":\"https:\\\/\\\/cvlh14.fr\\\/wp-content\\\/uploads\\\/2021\\\/03\\\/cropped-cropped-logoNew-1-2.png\",\"contentUrl\":\"https:\\\/\\\/cvlh14.fr\\\/wp-content\\\/uploads\\\/2021\\\/03\\\/cropped-cropped-logoNew-1-2.png\",\"width\":493,\"height\":456,\"caption\":\"CLUB DE VOILE ET LOISIRS HERMANVILLE\"},\"image\":{\"@id\":\"https:\\\/\\\/cvlh14.fr\\\/#\\\/schema\\\/logo\\\/image\\\/\"},\"sameAs\":[\"https:\\\/\\\/www.facebook.com\\\/Club-de-Voile-et-Loisirs-dHermanville-sur-mer-217503885002723\\\/\",\"https:\\\/\\\/www.instagram.com\\\/cvlhermanville\\\/\"]}]}<\/script>\n<!-- \/ Yoast SEO plugin. -->","yoast_head_json":{"title":"AUTOUR DE NOUS - C.V.L.H.","robots":{"index":"index","follow":"follow","max-snippet":"max-snippet:-1","max-image-preview":"max-image-preview:large","max-video-preview":"max-video-preview:-1"},"canonical":"https:\/\/cvlh14.fr\/?page_id=118","og_locale":"fr_FR","og_type":"article","og_title":"AUTOUR DE NOUS - C.V.L.H.","og_description":"A d\u00e9couvrir \u00e0 Hermanville-sur-Mer H\u00e9bergement \u00e0 proximit\u00e9","og_url":"https:\/\/cvlh14.fr\/?page_id=118","og_site_name":"C.V.L.H.","article_publisher":"https:\/\/www.facebook.com\/Club-de-Voile-et-Loisirs-dHermanville-sur-mer-217503885002723\/","article_modified_time":"2021-10-27T20:46:03+00:00","og_image":[{"url":"https:\/\/cvlh14.fr\/wp-content\/uploads\/2021\/10\/dsc08339-1024x576.jpg","type":"","width":"","height":""}],"twitter_card":"summary_large_image","twitter_misc":{"Dur\u00e9e de lecture estim\u00e9e":"2 minutes"},"schema":{"@context":"https:\/\/schema.org","@graph":[{"@type":"WebPage","@id":"https:\/\/cvlh14.fr\/?page_id=118","url":"https:\/\/cvlh14.fr\/?page_id=118","name":"AUTOUR DE NOUS - C.V.L.H.","isPartOf":{"@id":"https:\/\/cvlh14.fr\/#website"},"primaryImageOfPage":{"@id":"https:\/\/cvlh14.fr\/?page_id=118#primaryimage"},"image":{"@id":"https:\/\/cvlh14.fr\/?page_id=118#primaryimage"},"thumbnailUrl":"https:\/\/cvlh14.fr\/wp-content\/uploads\/2021\/10\/dsc08339-1024x576.jpg","datePublished":"2021-03-27T19:40:40+00:00","dateModified":"2021-10-27T20:46:03+00:00","breadcrumb":{"@id":"https:\/\/cvlh14.fr\/?page_id=118#breadcrumb"},"inLanguage":"fr-FR","potentialAction":[{"@type":"ReadAction","target":["https:\/\/cvlh14.fr\/?page_id=118"]}]},{"@type":"ImageObject","inLanguage":"fr-FR","@id":"https:\/\/cvlh14.fr\/?page_id=118#primaryimage","url":"https:\/\/cvlh14.fr\/wp-content\/uploads\/2021\/10\/dsc08339.jpg","contentUrl":"https:\/\/cvlh14.fr\/wp-content\/uploads\/2021\/10\/dsc08339.jpg","width":1280,"height":720},{"@type":"BreadcrumbList","@id":"https:\/\/cvlh14.fr\/?page_id=118#breadcrumb","itemListElement":[{"@type":"ListItem","position":1,"name":"Accueil","item":"https:\/\/cvlh14.fr\/"},{"@type":"ListItem","position":2,"name":"AUTOUR DE NOUS"}]},{"@type":"WebSite","@id":"https:\/\/cvlh14.fr\/#website","url":"https:\/\/cvlh14.fr\/","name":"C.V.L.H.","description":"Voile, Char \u00e0 Voile","publisher":{"@id":"https:\/\/cvlh14.fr\/#organization"},"potentialAction":[{"@type":"SearchAction","target":{"@type":"EntryPoint","urlTemplate":"https:\/\/cvlh14.fr\/?s={search_term_string}"},"query-input":{"@type":"PropertyValueSpecification","valueRequired":true,"valueName":"search_term_string"}}],"inLanguage":"fr-FR"},{"@type":"Organization","@id":"https:\/\/cvlh14.fr\/#organization","name":"CLUB DE VOILE ET LOISIRS HERMANVILLE","url":"https:\/\/cvlh14.fr\/","logo":{"@type":"ImageObject","inLanguage":"fr-FR","@id":"https:\/\/cvlh14.fr\/#\/schema\/logo\/image\/","url":"https:\/\/cvlh14.fr\/wp-content\/uploads\/2021\/03\/cropped-cropped-logoNew-1-2.png","contentUrl":"https:\/\/cvlh14.fr\/wp-content\/uploads\/2021\/03\/cropped-cropped-logoNew-1-2.png","width":493,"height":456,"caption":"CLUB DE VOILE ET LOISIRS HERMANVILLE"},"image":{"@id":"https:\/\/cvlh14.fr\/#\/schema\/logo\/image\/"},"sameAs":["https:\/\/www.facebook.com\/Club-de-Voile-et-Loisirs-dHermanville-sur-mer-217503885002723\/","https:\/\/www.instagram.com\/cvlhermanville\/"]}]}},"jetpack_sharing_enabled":true,"_links":{"self":[{"href":"https:\/\/cvlh14.fr\/index.php?rest_route=\/wp\/v2\/pages\/118","targetHints":{"allow":["GET"]}}],"collection":[{"href":"https:\/\/cvlh14.fr\/index.php?rest_route=\/wp\/v2\/pages"}],"about":[{"href":"https:\/\/cvlh14.fr\/index.php?rest_route=\/wp\/v2\/types\/page"}],"author":[{"embeddable":true,"href":"https:\/\/cvlh14.fr\/index.php?rest_route=\/wp\/v2\/users\/1"}],"replies":[{"embeddable":true,"href":"https:\/\/cvlh14.fr\/index.php?rest_route=%2Fwp%2Fv2%2Fcomments&post=118"}],"version-history":[{"count":13,"href":"https:\/\/cvlh14.fr\/index.php?rest_route=\/wp\/v2\/pages\/118\/revisions"}],"predecessor-version":[{"id":1048,"href":"https:\/\/cvlh14.fr\/index.php?rest_route=\/wp\/v2\/pages\/118\/revisions\/1048"}],"wp:attachment":[{"href":"https:\/\/cvlh14.fr\/index.php?rest_route=%2Fwp%2Fv2%2Fmedia&parent=118"}],"curies":[{"name":"wp","href":"https:\/\/api.w.org\/{rel}","templated":true}]}}